{"id":7627,"date":"2018-05-20T02:30:42","date_gmt":"2018-05-19T23:30:42","guid":{"rendered":"https:\/\/massageroyal.gr\/ueber-uns\/"},"modified":"2024-02-23T13:02:29","modified_gmt":"2024-02-23T11:02:29","slug":"ueber-uns","status":"publish","type":"page","link":"https:\/\/massageroyal.gr\/de\/ueber-uns\/","title":{"rendered":"\u00dcber uns"},"content":{"rendered":"<div class=\"wpb-content-wrapper\"><p>[vc_section full_width=&#8221;stretch_row&#8221; css=&#8221;.vc_custom_1575519444585{padding-top: 90px !important;padding-bottom: 60px !important;background-color: #fafafa !important;}&#8221;][vc_row css=&#8221;.vc_custom_1575517419609{padding-top: 0px !important;}&#8221;][vc_column css=&#8221;.vc_custom_1575517412324{padding-top: 0px !important;}&#8221;][vc_custom_heading text=&#8221;Erleben Sie die Kunst der F\u00fcrsorge&#8221; font_container=&#8221;tag:h6|font_size:22|text_align:center|color:%23a5a251|line_height:28px&#8221; use_theme_fonts=&#8221;yes&#8221; custom_letter_spacing=&#8221;0.6px&#8221;][vc_custom_heading text=&#8221;\u00dcBER UNS&#8221; font_container=&#8221;tag:h2|font_size:40|text_align:center|color:%23404040|line_height:42px&#8221; use_theme_fonts=&#8221;yes&#8221; custom_letter_spacing=&#8221;0.6px&#8221;][vc_single_image image=&#8221;4245&#8243; img_size=&#8221;full&#8221; alignment=&#8221;center&#8221; el_class=&#8221;bt-beauty&#8221;][vc_row_inner][vc_column_inner width=&#8221;1\/2&#8243;][vc_single_image image=&#8221;2371&#8243; img_size=&#8221;full&#8221; alignment=&#8221;center&#8221;][\/vc_column_inner][vc_column_inner width=&#8221;1\/2&#8243;][vc_column_text]<\/p>\n<div class=\"wpb_text_column wpb_content_element vc_custom_1465376087237\">\n<div class=\"wpb_wrapper\">Das Massage Royal wurde entwickelt, um einzigartige entspannende Massagedienste zu Hause anzubieten, mit dem Ziel, die behandelte Person an einem Ort zu tr\u00f6sten, an dem sie sich wohl und sch\u00f6n f\u00fchlt. Alle unsere Therapeuten sind bestens ausgebildet und verwenden bew\u00e4hrte \u00e4therische \u00d6le mit einzigartigen D\u00fcften, die selbst den anspruchsvollsten Menschen mit Sicherheit entspannen werden. Ein Erlebnis, das die Sinne anregt, schlechte Energie aus dem K\u00f6rper l\u00f6st und Sie auf ganz einzigartige Weise verj\u00fcngt. Lebe das Vergn\u00fcgen!<\/div>\n<\/div>\n<div><\/div>\n<div class=\"wpb_text_column wpb_content_element vc_custom_1465376087237\">\n<div class=\"wpb_wrapper\">Das sind wir bei Massage Royal, die Ihnen versprechen, die Kunst der k\u00f6niglichen Pflege mit exklusiven Luxusservices zu erleben und Ihnen stets das Beste zu bieten!<\/div>\n<\/div>\n<p>[\/vc_column_text][vc_btn title=&#8221;KONTAKT&#8221; style=&#8221;custom&#8221; custom_background=&#8221;#a5a251&#8243; custom_text=&#8221;#ffffff&#8221; shape=&#8221;round&#8221; align=&#8221;left&#8221; link=&#8221;url:https%3A%2F%2Fmassageroyal.gr%2Fen%2Fcontact%2F|title:Kontakt|&#8221; el_class=&#8221;bt-but-salon hvr-float-shadow&#8221;][\/vc_column_inner][\/vc_row_inner][\/vc_column][\/vc_row][\/vc_section][vc_section full_width=&#8221;stretch_row&#8221; css=&#8221;.vc_custom_1530065674479{padding-top: 70px !important;padding-bottom: 30px !important;background-image: url(https:\/\/lemonspa.beplusthemes.com\/lemon-salon\/wp-content\/uploads\/2018\/05\/bg_welcome.jpg?id=2375) !important;background-position: center !important;background-repeat: no-repeat !important;background-size: cover !important;}&#8221;][vc_row][vc_column offset=&#8221;vc_col-lg-offset-2 vc_col-lg-8&#8243;][vc_custom_heading text=&#8221;Erleben Sie die Kunst der k\u00f6niglichen F\u00fcrsorge&#8221; font_container=&#8221;tag:h6|font_size:22|text_align:center|color:%23a5a251|line_height:28px&#8221; use_theme_fonts=&#8221;yes&#8221; custom_letter_spacing=&#8221;0.6px&#8221;][vc_custom_heading text=&#8221;WILLKOMMEN BEI MASSAGE ROYAL&#8221; font_container=&#8221;tag:h2|font_size:40|text_align:center|color:%23ffffff|line_height:42px&#8221; use_theme_fonts=&#8221;yes&#8221; custom_letter_spacing=&#8221;0.6px&#8221;][vc_single_image image=&#8221;4245&#8243; img_size=&#8221;full&#8221; alignment=&#8221;center&#8221; el_class=&#8221;bt-beauty&#8221;][vc_column_text]<\/p>\n<p style=\"text-align: center; color: #fff;\">Mit einem einfachen Anruf ist der Therapeut Ihrer Wahl innerhalb einer Stunde bei Ihnen zu Hause, im B\u00fcro, im Hotel oder sogar auf Ihrem Boot, wenn Sie es vorziehen, um die beste und hochwertigste Massage in Athen und Pir\u00e4us zu erhalten. Der Service wird in ganz Attika angeboten und die angebotenen Dienstleistungen zeichnen sich durch zeitliche und \u00f6rtliche Flexibilit\u00e4t aus. Nach Vereinbarung besteht auch die M\u00f6glichkeit eines Service in Gebieten wie Mykonos und Thessaloniki.<\/p>\n<p>[\/vc_column_text][\/vc_column][\/vc_row][vc_row][vc_column]<div  class=\"wpb_theme_custom_element wpb_liquid_button vc_custom_1656862068349 text-center\">\n  <div class=\"vc-custom-inner-wrap\" data-bears-lightgallery>\n    <a class=\"liquid-button-link item\" href=\"https:\/\/massageroyal.gr\/wp-content\/uploads\/2022\/07\/mykonos-royal.mp4\">\n      <svg class=\"liquid-button-svg\" data-width=\"100\" data-height=\"100\" data-color1=\"#36dfe7\" data-color2=\"#a5a251\" data-color3=\"#bf09e6\" data-liquid-button=\"\"><\/svg>\n      <div class=\"liquid-button-text\" style=\"color: #ffffff\"><p>\u25ba<\/p>\n<\/div>\n    <\/a>\n  <\/div>\n<\/div>\n[\/vc_column][\/vc_row][\/vc_section][vc_section full_width=&#8221;stretch_row&#8221; css=&#8221;.vc_custom_1575519456738{padding-top: 90px !important;padding-bottom: 60px !important;background-color: #ffffff !important;}&#8221;][vc_row el_class=&#8221;bt-yg-form-question ct&#8221; css=&#8221;.vc_custom_1575517713263{padding-top: 0px !important;}&#8221;][vc_column css=&#8221;.vc_custom_1575517730490{padding-top: 0px !important;}&#8221;][vc_custom_heading text=&#8221;Stehen Sie im Mittelpunkt der Pflege&#8221; font_container=&#8221;tag:h6|font_size:26|text_align:center|color:%23a5a251|line_height:32px&#8221; use_theme_fonts=&#8221;yes&#8221; custom_letter_spacing=&#8221;1.1px&#8221;][vc_custom_heading text=&#8221;ATHEN &#8211; PIR\u00c4US &#8211; MYKONOS &#8211; THESSALONIKI&#8221; font_container=&#8221;tag:h3|font_size:26|text_align:center|color:%23404040|line_height:26px&#8221; use_theme_fonts=&#8221;yes&#8221; custom_letter_spacing=&#8221;1.1px&#8221;][vc_column_text]<\/p>\n<p style=\"text-align: center;\"><em>Alle Massageerlebnisse werden in Ihrem eigenen Raum angeboten.<br \/>\nZu Hause, im B\u00fcro, im Hotel, auf dem Boot, in Ihrem pers\u00f6nlichen Bereich, nach Vereinbarung.<br \/>\n<strong>Erleben Sie ein k\u00f6nigliches Vergn\u00fcgen!<\/strong><\/em>[\/vc_column_text][\/vc_column][\/vc_row][\/vc_section][vc_section full_width=&#8221;stretch_row&#8221; css=&#8221;.vc_custom_1657549115319{padding-top: 60px !important;padding-bottom: 40px !important;background: #f4f4f4 url(https:\/\/massageroyal.gr\/wp-content\/uploads\/2022\/07\/bg-bot-3.jpg?id=6338) !important;background-position: center !important;background-repeat: no-repeat !important;background-size: cover !important;}&#8221;][vc_row][vc_column offset=&#8221;vc_col-lg-offset-2 vc_col-lg-8&#8243;][vc_custom_heading text=&#8221;ATHEN, PIR\u00c4US, MYKONOS, THESSALONIKI&#8221; font_container=&#8221;tag:h4|font_size:19|text_align:center|color:%23ffffff|line_height:22px&#8221; use_theme_fonts=&#8221;yes&#8221; custom_letter_spacing=&#8221;0.6px&#8221;][vc_custom_heading text=&#8221;MASSAGE ZU HAUSE, IM HOTEL, IM B\u00dcRO, AUF DEM BOOT, BACHELOR&#8221; font_container=&#8221;tag:h5|font_size:18|text_align:center|color:%23e0dfb5|line_height:30px&#8221; use_theme_fonts=&#8221;yes&#8221; custom_letter_spacing=&#8221;0.6px&#8221;][vc_single_image image=&#8221;6498&#8243; img_size=&#8221;full&#8221; alignment=&#8221;center&#8221; el_class=&#8221;bt-beauty&#8221;][vc_custom_heading text=&#8221;WIR HABEN T\u00c4GLICH GE\u00d6FFNET&#8221; font_container=&#8221;tag:h2|font_size:45|text_align:center|color:%23ffffff|line_height:50px&#8221; use_theme_fonts=&#8221;yes&#8221; custom_letter_spacing=&#8221;0.6px&#8221; el_class=&#8221;bt-tt_1-lmm&#8221;][vc_custom_heading text=&#8221;von 12:30 Uhr morgens bis 00:30 Uhr nach Mitternacht.&#8221; font_container=&#8221;tag:h6|font_size:23|text_align:center|color:%233a3a3a|line_height:25px&#8221; use_theme_fonts=&#8221;yes&#8221; custom_letter_spacing=&#8221;0.2px&#8221; el_class=&#8221;bt-sub-newlester-lmm&#8221;][\/vc_column][\/vc_row][vc_row][vc_column width=&#8221;1\/2&#8243;][vc_custom_heading text=&#8221;+30 690 623 6528&#8243; font_container=&#8221;tag:h2|font_size:32|text_align:center|line_height:25px&#8221; use_theme_fonts=&#8221;yes&#8221; el_class=&#8221;bt-tt_1-lmm&#8221; link=&#8221;url:tel%3A%2B306906236528|&#8221;][\/vc_column][vc_column width=&#8221;1\/2&#8243;][vc_custom_heading text=&#8221;+30 699 312 0162&#8243; font_container=&#8221;tag:h2|font_size:32|text_align:center|line_height:25px&#8221; use_theme_fonts=&#8221;yes&#8221; el_class=&#8221;bt-tt_1-lmm&#8221; link=&#8221;url:tel%3A%2B306993120162|&#8221;][\/vc_column][\/vc_row][vc_row][vc_column][vc_empty_space height=&#8221;20px&#8221;][\/vc_column][\/vc_row][\/vc_section]<\/p>\n<\/div>","protected":false},"excerpt":{"rendered":"<p>[vc_section full_width=&#8221;stretch_row&#8221; css=&#8221;.vc_custom_1575519444585{padding-top: 90px !important;padding-bottom: 60px !important;background-color: #fafafa !important;}&#8221;][vc_row css=&#8221;.vc_custom_1575517419609{padding-top: 0px !important;}&#8221;][vc_column css=&#8221;.vc_custom_1575517412324{padding-top: 0px !important;}&#8221;][vc_custom_heading text=&#8221;Erleben Sie die Kunst der&hellip;<\/p>\n","protected":false},"author":2,"featured_media":0,"parent":0,"menu_order":0,"comment_status":"closed","ping_status":"closed","template":"","meta":{"_acf_changed":false,"footnotes":""},"class_list":["post-7627","page","type-page","status-publish","hentry"],"acf":[],"yoast_head":"<!-- This site is optimized with the Yoast SEO plugin v27.0 - https:\/\/yoast.com\/product\/yoast-seo-wordpress\/ -->\n<title>\u00dcber uns | MASSAGE ROYAL Entspannende Massage zu Hause<\/title>\n<meta name=\"description\" content=\"Entspannende Massage zu Hause durch erfahrene Therapeuten mit dem Ziel, die behandelte Person in dem Raum zu tr\u00f6sten, in dem sie sich wohl und sch\u00f6n f\u00fchlt\" \/>\n<meta name=\"robots\" content=\"index, follow, max-snippet:-1, max-image-preview:large, max-video-preview:-1\" \/>\n<link rel=\"canonical\" href=\"https:\/\/massageroyal.gr\/de\/ueber-uns\/\" \/>\n<meta property=\"og:locale\" content=\"de_DE\" \/>\n<meta property=\"og:type\" content=\"article\" \/>\n<meta property=\"og:title\" content=\"\u00dcber uns | MASSAGE ROYAL Entspannende Massage zu Hause\" \/>\n<meta property=\"og:description\" content=\"Entspannende Massage zu Hause durch erfahrene Therapeuten mit dem Ziel, die behandelte Person in dem Raum zu tr\u00f6sten, in dem sie sich wohl und sch\u00f6n f\u00fchlt\" \/>\n<meta property=\"og:url\" content=\"https:\/\/massageroyal.gr\/de\/ueber-uns\/\" \/>\n<meta property=\"og:site_name\" content=\"MASSAGE ROYAL\" \/>\n<meta property=\"article:publisher\" content=\"https:\/\/www.facebook.com\/massageroyals\" \/>\n<meta property=\"article:modified_time\" content=\"2024-02-23T11:02:29+00:00\" \/>\n<meta property=\"og:image\" content=\"https:\/\/massageroyal.gr\/wp-content\/uploads\/2022\/07\/massage_royal_social_logo_1200x630.png\" \/>\n\t<meta property=\"og:image:width\" content=\"1200\" \/>\n\t<meta property=\"og:image:height\" content=\"630\" \/>\n\t<meta property=\"og:image:type\" content=\"image\/png\" \/>\n<meta name=\"twitter:card\" content=\"summary_large_image\" \/>\n<meta name=\"twitter:label1\" content=\"Gesch\u00e4tzte Lesezeit\" \/>\n\t<meta name=\"twitter:data1\" content=\"5\u00a0Minuten\" \/>\n<script type=\"application\/ld+json\" class=\"yoast-schema-graph\">{\"@context\":\"https:\/\/schema.org\",\"@graph\":[{\"@type\":\"WebPage\",\"@id\":\"https:\/\/massageroyal.gr\/de\/ueber-uns\/\",\"url\":\"https:\/\/massageroyal.gr\/de\/ueber-uns\/\",\"name\":\"\u00dcber uns | MASSAGE ROYAL Entspannende Massage zu Hause\",\"isPartOf\":{\"@id\":\"https:\/\/massageroyal.gr\/de\/#website\"},\"datePublished\":\"2018-05-19T23:30:42+00:00\",\"dateModified\":\"2024-02-23T11:02:29+00:00\",\"description\":\"Entspannende Massage zu Hause durch erfahrene Therapeuten mit dem Ziel, die behandelte Person in dem Raum zu tr\u00f6sten, in dem sie sich wohl und sch\u00f6n f\u00fchlt\",\"breadcrumb\":{\"@id\":\"https:\/\/massageroyal.gr\/de\/ueber-uns\/#breadcrumb\"},\"inLanguage\":\"de\",\"potentialAction\":[{\"@type\":\"ReadAction\",\"target\":[\"https:\/\/massageroyal.gr\/de\/ueber-uns\/\"]}]},{\"@type\":\"BreadcrumbList\",\"@id\":\"https:\/\/massageroyal.gr\/de\/ueber-uns\/#breadcrumb\",\"itemListElement\":[{\"@type\":\"ListItem\",\"position\":1,\"name\":\"Home\",\"item\":\"https:\/\/massageroyal.gr\/de\/\"},{\"@type\":\"ListItem\",\"position\":2,\"name\":\"\u00dcber uns\"}]},{\"@type\":\"WebSite\",\"@id\":\"https:\/\/massageroyal.gr\/de\/#website\",\"url\":\"https:\/\/massageroyal.gr\/de\/\",\"name\":\"MASSAGE ROYAL\",\"description\":\"\u03a7\u03b1\u03bb\u03b1\u03c1\u03c9\u03c4\u03b9\u03ba\u03cc \u03bc\u03b1\u03c3\u03ac\u03b6 \u03c3\u03c4\u03bf \u03c3\u03c0\u03af\u03c4\u03b9 - \u039c\u03b1\u03c3\u03ac\u03b6 \u03ba\u03b1\u03c4\u2019 \u03bf\u03af\u03ba\u03bf\u03bd | \u0391\u03b8\u03ae\u03bd\u03b1, \u03a0\u03b5\u03b9\u03c1\u03b1\u03b9\u03ac\u03c2, \u039c\u03cd\u03ba\u03bf\u03bd\u03bf\u03c2, \u0398\u03b5\u03c3\u03c3\u03b1\u03bb\u03bf\u03bd\u03af\u03ba\u03b7\",\"publisher\":{\"@id\":\"https:\/\/massageroyal.gr\/de\/#organization\"},\"potentialAction\":[{\"@type\":\"SearchAction\",\"target\":{\"@type\":\"EntryPoint\",\"urlTemplate\":\"https:\/\/massageroyal.gr\/de\/?s={search_term_string}\"},\"query-input\":{\"@type\":\"PropertyValueSpecification\",\"valueRequired\":true,\"valueName\":\"search_term_string\"}}],\"inLanguage\":\"de\"},{\"@type\":\"Organization\",\"@id\":\"https:\/\/massageroyal.gr\/de\/#organization\",\"name\":\"Massage Royal\",\"url\":\"https:\/\/massageroyal.gr\/de\/\",\"logo\":{\"@type\":\"ImageObject\",\"inLanguage\":\"de\",\"@id\":\"https:\/\/massageroyal.gr\/de\/#\/schema\/logo\/image\/\",\"url\":\"https:\/\/massageroyal.gr\/wp-content\/uploads\/2022\/07\/mr-foot-logo.png\",\"contentUrl\":\"https:\/\/massageroyal.gr\/wp-content\/uploads\/2022\/07\/mr-foot-logo.png\",\"width\":280,\"height\":95,\"caption\":\"Massage Royal\"},\"image\":{\"@id\":\"https:\/\/massageroyal.gr\/de\/#\/schema\/logo\/image\/\"},\"sameAs\":[\"https:\/\/www.facebook.com\/massageroyals\",\"https:\/\/www.instagram.com\/massageroyals\/\"]}]}<\/script>\n<!-- \/ Yoast SEO plugin. -->","yoast_head_json":{"title":"\u00dcber uns | MASSAGE ROYAL Entspannende Massage zu Hause","description":"Entspannende Massage zu Hause durch erfahrene Therapeuten mit dem Ziel, die behandelte Person in dem Raum zu tr\u00f6sten, in dem sie sich wohl und sch\u00f6n f\u00fchlt","robots":{"index":"index","follow":"follow","max-snippet":"max-snippet:-1","max-image-preview":"max-image-preview:large","max-video-preview":"max-video-preview:-1"},"canonical":"https:\/\/massageroyal.gr\/de\/ueber-uns\/","og_locale":"de_DE","og_type":"article","og_title":"\u00dcber uns | MASSAGE ROYAL Entspannende Massage zu Hause","og_description":"Entspannende Massage zu Hause durch erfahrene Therapeuten mit dem Ziel, die behandelte Person in dem Raum zu tr\u00f6sten, in dem sie sich wohl und sch\u00f6n f\u00fchlt","og_url":"https:\/\/massageroyal.gr\/de\/ueber-uns\/","og_site_name":"MASSAGE ROYAL","article_publisher":"https:\/\/www.facebook.com\/massageroyals","article_modified_time":"2024-02-23T11:02:29+00:00","og_image":[{"width":1200,"height":630,"url":"https:\/\/massageroyal.gr\/wp-content\/uploads\/2022\/07\/massage_royal_social_logo_1200x630.png","type":"image\/png"}],"twitter_card":"summary_large_image","twitter_misc":{"Gesch\u00e4tzte Lesezeit":"5\u00a0Minuten"},"schema":{"@context":"https:\/\/schema.org","@graph":[{"@type":"WebPage","@id":"https:\/\/massageroyal.gr\/de\/ueber-uns\/","url":"https:\/\/massageroyal.gr\/de\/ueber-uns\/","name":"\u00dcber uns | MASSAGE ROYAL Entspannende Massage zu Hause","isPartOf":{"@id":"https:\/\/massageroyal.gr\/de\/#website"},"datePublished":"2018-05-19T23:30:42+00:00","dateModified":"2024-02-23T11:02:29+00:00","description":"Entspannende Massage zu Hause durch erfahrene Therapeuten mit dem Ziel, die behandelte Person in dem Raum zu tr\u00f6sten, in dem sie sich wohl und sch\u00f6n f\u00fchlt","breadcrumb":{"@id":"https:\/\/massageroyal.gr\/de\/ueber-uns\/#breadcrumb"},"inLanguage":"de","potentialAction":[{"@type":"ReadAction","target":["https:\/\/massageroyal.gr\/de\/ueber-uns\/"]}]},{"@type":"BreadcrumbList","@id":"https:\/\/massageroyal.gr\/de\/ueber-uns\/#breadcrumb","itemListElement":[{"@type":"ListItem","position":1,"name":"Home","item":"https:\/\/massageroyal.gr\/de\/"},{"@type":"ListItem","position":2,"name":"\u00dcber uns"}]},{"@type":"WebSite","@id":"https:\/\/massageroyal.gr\/de\/#website","url":"https:\/\/massageroyal.gr\/de\/","name":"MASSAGE ROYAL","description":"\u03a7\u03b1\u03bb\u03b1\u03c1\u03c9\u03c4\u03b9\u03ba\u03cc \u03bc\u03b1\u03c3\u03ac\u03b6 \u03c3\u03c4\u03bf \u03c3\u03c0\u03af\u03c4\u03b9 - \u039c\u03b1\u03c3\u03ac\u03b6 \u03ba\u03b1\u03c4\u2019 \u03bf\u03af\u03ba\u03bf\u03bd | \u0391\u03b8\u03ae\u03bd\u03b1, \u03a0\u03b5\u03b9\u03c1\u03b1\u03b9\u03ac\u03c2, \u039c\u03cd\u03ba\u03bf\u03bd\u03bf\u03c2, \u0398\u03b5\u03c3\u03c3\u03b1\u03bb\u03bf\u03bd\u03af\u03ba\u03b7","publisher":{"@id":"https:\/\/massageroyal.gr\/de\/#organization"},"potentialAction":[{"@type":"SearchAction","target":{"@type":"EntryPoint","urlTemplate":"https:\/\/massageroyal.gr\/de\/?s={search_term_string}"},"query-input":{"@type":"PropertyValueSpecification","valueRequired":true,"valueName":"search_term_string"}}],"inLanguage":"de"},{"@type":"Organization","@id":"https:\/\/massageroyal.gr\/de\/#organization","name":"Massage Royal","url":"https:\/\/massageroyal.gr\/de\/","logo":{"@type":"ImageObject","inLanguage":"de","@id":"https:\/\/massageroyal.gr\/de\/#\/schema\/logo\/image\/","url":"https:\/\/massageroyal.gr\/wp-content\/uploads\/2022\/07\/mr-foot-logo.png","contentUrl":"https:\/\/massageroyal.gr\/wp-content\/uploads\/2022\/07\/mr-foot-logo.png","width":280,"height":95,"caption":"Massage Royal"},"image":{"@id":"https:\/\/massageroyal.gr\/de\/#\/schema\/logo\/image\/"},"sameAs":["https:\/\/www.facebook.com\/massageroyals","https:\/\/www.instagram.com\/massageroyals\/"]}]}},"_links":{"self":[{"href":"https:\/\/massageroyal.gr\/de\/wp-json\/wp\/v2\/pages\/7627","targetHints":{"allow":["GET"]}}],"collection":[{"href":"https:\/\/massageroyal.gr\/de\/wp-json\/wp\/v2\/pages"}],"about":[{"href":"https:\/\/massageroyal.gr\/de\/wp-json\/wp\/v2\/types\/page"}],"author":[{"embeddable":true,"href":"https:\/\/massageroyal.gr\/de\/wp-json\/wp\/v2\/users\/2"}],"replies":[{"embeddable":true,"href":"https:\/\/massageroyal.gr\/de\/wp-json\/wp\/v2\/comments?post=7627"}],"version-history":[{"count":3,"href":"https:\/\/massageroyal.gr\/de\/wp-json\/wp\/v2\/pages\/7627\/revisions"}],"predecessor-version":[{"id":7882,"href":"https:\/\/massageroyal.gr\/de\/wp-json\/wp\/v2\/pages\/7627\/revisions\/7882"}],"wp:attachment":[{"href":"https:\/\/massageroyal.gr\/de\/wp-json\/wp\/v2\/media?parent=7627"}],"curies":[{"name":"wp","href":"https:\/\/api.w.org\/{rel}","templated":true}]}}