{"id":7666,"date":"2018-05-21T09:42:48","date_gmt":"2018-05-21T06:42:48","guid":{"rendered":"https:\/\/massageroyal.gr\/therapeutinnen\/"},"modified":"2024-09-27T16:10:59","modified_gmt":"2024-09-27T13:10:59","slug":"massagetherapeuten","status":"publish","type":"page","link":"https:\/\/massageroyal.gr\/de\/massagetherapeuten\/","title":{"rendered":"Therapeutinnen"},"content":{"rendered":"<div class=\"wpb-content-wrapper\"><p>[vc_row css=&#8221;.vc_custom_1657555344671{padding-top: 90px !important;}&#8221;][vc_column][vc_custom_heading text=&#8221;Erleben Sie die Kunst der F\u00fcrsorge&#8221; font_container=&#8221;tag:h6|font_size:22|text_align:center|color:%23a5a251|line_height:28px&#8221; use_theme_fonts=&#8221;yes&#8221;][vc_custom_heading text=&#8221;UNSERE THERAPIEN&#8221; font_container=&#8221;tag:h2|font_size:40px|text_align:center|color:%23404040|line_height:42px&#8221; use_theme_fonts=&#8221;yes&#8221; custom_letter_spacing=&#8221;0.6px&#8221;][vc_single_image image=&#8221;4245&#8243; img_size=&#8221;full&#8221; alignment=&#8221;center&#8221; el_class=&#8221;bt-beauty&#8221;][vc_column_text]Massagetherapeuten bei Ihnen zu Hause, im Hotel, auf dem Boot, in der Villa, auf der Yacht oder im B\u00fcro.<br \/>\nDie Dienstleistungen von Massage Royal und unseren spezialisierten Masseuren zeichnen sich durch ein hohes Pflichtbewusstsein aus \u2013 Freundlichkeit, Verst\u00e4ndnis, Geduld. Unsere Massagetherapeuten stellen in keiner Weise die von ihnen respektierte klassische medizinische Wissenschaft wieder her oder ersetzen sie und bieten in einigen F\u00e4llen auf Anfrage ihre Dienste an.<\/p>\n<p>Wir bieten auch einzigartige therapeutische Massagetechniken an. Unser Ziel ist es, Ihnen erstaunliche und unwiederholbare Momente der Erholung zu bieten. Momente der k\u00f6rperlichen, geistigen und seelischen Entspannung. Massagetherapeuten zu Hause Hotel<\/p>\n<p>Von uns k\u00f6nnen Sie eine professionelle therapeutische Massage erwarten, von erfahrenen und freundlichen Therapeuten und Masseurinnen, die Sie rundum zufrieden stellen werden. Wir kommen zu Ihnen nach Hause, um Ihnen eine erholsame Auszeit vom Alltag zu erm\u00f6glichen.[\/vc_column_text][vc_column_text]<\/p>\n<p style=\"text-align: center;\"><span style=\"color: #555555;\"><strong>W\u00e4hlen Sie den Therapeuten Ihrer Wahl und vereinbaren Sie einen Termin f\u00fcr eine herrliche k\u00f6nigliche Massage bei Ihnen zu Hause!<\/strong><\/span><\/p>\n<p>[\/vc_column_text][\/vc_column][\/vc_row][vc_row][vc_column][vc_empty_space][vc_custom_heading text=&#8221;KONTINUIERLICHE ERNEUERUNG DER THERAPIEN JEDEN MONAT!&#8221; font_container=&#8221;tag:h3|text_align:center|color:%23444444|line_height:30px&#8221; use_theme_fonts=&#8221;yes&#8221;][vc_column_text]<\/p>\n<p style=\"text-align: center;\">Kontaktieren Sie uns telefonisch \u00fcber Viber oder WhatsApp und erhalten Sie aktuelle Fotos unserer neuen Therapeuten.<\/p>\n<p>[\/vc_column_text][\/vc_column][\/vc_row][vc_row][vc_column][vc_single_image image=&#8221;4245&#8243; alignment=&#8221;center&#8221; el_class=&#8221;bt-beauty&#8221;][\/vc_column][\/vc_row][vc_row][vc_column][vc_custom_heading text=&#8221;RICHTIGE ART DER KOMMUNIKATION&#8221; font_container=&#8221;tag:h3|text_align:center|color:%23444444|line_height:30px&#8221; use_theme_fonts=&#8221;yes&#8221;][vc_column_text]<\/p>\n<ul>\n<li><strong>1. Schritt<\/strong> \u2013 Kontaktieren Sie uns noch am selben Tag, an dem Sie eine Massage w\u00fcnschen, da wir nur f\u00fcr den aktuellen Tag anbieten<\/li>\n<li><strong>2. Schritt<\/strong> \u2013 Kontaktieren Sie uns nur, wenn Sie sicher sind, dass Sie eine Massage w\u00fcnschen und Lust und Laune auf Entspannung haben<\/li>\n<li><strong>3. Schritt<\/strong> \u2013 Teilen Sie uns schriftlich mit, wann Sie die Massage w\u00fcnschen<\/li>\n<li><strong>4. Schritt<\/strong> \u2013 In welcher Stadt und Region bist du?<\/li>\n<li><strong>5. Schritt<\/strong> \u2013 Welche Art von Massage w\u00fcnschen Sie?<\/li>\n<li><strong>6. Schritt<\/strong> \u2013 wie lange Sie es w\u00fcnschen?<\/li>\n<li><strong>7. Schritt<\/strong> \u2013 wenn Ihr Platz in einem Hotel, Zuhause, B\u00fcro, Boot usw. ist<\/li>\n<\/ul>\n<p>Anschlie\u00dfend teilen wir Ihnen anhand der von Ihnen zuvor gemachten Angaben die verf\u00fcgbaren Masseurinnen f\u00fcr die jeweilige Zeit, den Bereich, die Art der Massage usw. mit.<\/p>\n<p>&nbsp;<\/p>\n<ul>\n<li style=\"text-align: left;\"><strong>Habt ihr Fragen?<\/strong> Lesen Sie die FAQ oder senden Sie uns eine SMS \u00fcber Viber oder WhatsApp.<\/li>\n<\/ul>\n<p>[\/vc_column_text][\/vc_column][\/vc_row][vc_section full_width=&#8221;stretch_row&#8221; el_class=&#8221;section-top&#8221; css=&#8221;.vc_custom_1657297375717{background-image: url(https:\/\/massageroyal.gr\/wp-content\/uploads\/2019\/12\/bg-tour.jpg?id=5611) !important;background-position: center !important;background-repeat: no-repeat !important;background-size: cover !important;}&#8221;][vc_row][vc_column][vc_custom_heading text=&#8221;Wir k\u00f6nnen Sie auch nach 23:00 Uhr abends bedienen und bieten den Late-Night-Massageservice f\u00fcr alle an, die einen besonders vollen Tagesablauf haben.&#8221; font_container=&#8221;tag:h4|font_size:23|text_align:center|color:%23a5a251|line_height:34px&#8221; use_theme_fonts=&#8221;yes&#8221;][vc_single_image image=&#8221;4245&#8243; alignment=&#8221;center&#8221; el_class=&#8221;bt-beauty&#8221;][vc_empty_space][\/vc_column][\/vc_row][\/vc_section][vc_row][vc_column][vc_separator][vc_column_text css=&#8221;&#8221;]\n            <div \n                class=\"elfsight-widget-team-showcase elfsight-widget\" \n                data-elfsight-team-showcase-options=\"%7B%22members%22%3A%5B%5D%2C%22groupsEnabled%22%3Afalse%2C%22groupsDisplay%22%3A%22filters%22%2C%22showAllTab%22%3Atrue%2C%22groups%22%3A%5B%5D%2C%22widgetTitle%22%3A%22ARBEITEN%20SIE%20MIT%20UNS%22%2C%22ctaVisible%22%3Atrue%2C%22ctaTitle%22%3A%22Treten%20Sie%20unserem%20wachsenden%20Team%20bei%21%22%2C%22ctaButtonText%22%3A%22Stellenangebote%20ansehen%22%2C%22ctaButtonLink%22%3A%22https%3A%5C%2F%5C%2Fmassageroyal.gr%5C%2Fde%5C%2Farbeiten-sie-mit-uns%5C%2F%22%2C%22seeInfoMessage%22%3A%22See%20Info%22%2C%22allMessage%22%3A%22All%22%2C%22ungroupedMessage%22%3A%22Ungrouped%22%2C%22layout%22%3A%22grid%22%2C%22width%22%3A%22auto%22%2C%22textAlign%22%3A%22left%22%2C%22backgroundColor%22%3Anull%2C%22itemBackgroundColor%22%3Anull%2C%22textColor%22%3A%22rgb%2829%2C%2033%2C%2041%29%22%2C%22linksColor%22%3A%22%231c91ff%22%2C%22ctaButtonColor%22%3A%22rgb%2853%2C%20120%2C%20228%29%22%2C%22widgetId%22%3A%229%22%7D\" \n                data-elfsight-team-showcase-version=\"1.3.1\"\n                data-elfsight-widget-id=\"elfsight-team-showcase-9\">\n            <\/div>\n            [\/vc_column_text][\/vc_column][\/vc_row][vc_section full_width=&#8221;stretch_row&#8221; css=&#8221;.vc_custom_1657547609866{padding-top: 60px !important;padding-bottom: 40px !important;background-image: url(https:\/\/massageroyal.gr\/wp-content\/uploads\/2022\/07\/bg-bot-3.jpg?id=6338) !important;background-position: center !important;background-repeat: no-repeat !important;background-size: cover !important;}&#8221;][vc_row][vc_column offset=&#8221;vc_col-lg-offset-2 vc_col-lg-8&#8243;][vc_custom_heading text=&#8221;ATHEN, PIR\u00c4US, MYKONOS, THESSALONIKI&#8221; font_container=&#8221;tag:h4|font_size:19|text_align:center|color:%23ffffff|line_height:22px&#8221; use_theme_fonts=&#8221;yes&#8221; custom_letter_spacing=&#8221;0.6px&#8221;][vc_custom_heading text=&#8221;MASSAGE ZU HAUSE, IM HOTEL, IM B\u00dcRO, AUF DEM BOOT, BACHELOR&#8221; font_container=&#8221;tag:h5|font_size:18|text_align:center|color:%23e0dfb5|line_height:30px&#8221; use_theme_fonts=&#8221;yes&#8221; custom_letter_spacing=&#8221;0.6px&#8221;][vc_single_image image=&#8221;6498&#8243; img_size=&#8221;full&#8221; alignment=&#8221;center&#8221; el_class=&#8221;bt-beauty&#8221;][vc_custom_heading text=&#8221;WIR HABEN T\u00c4GLICH GE\u00d6FFNET&#8221; font_container=&#8221;tag:h2|font_size:45|text_align:center|color:%23ffffff|line_height:50px&#8221; use_theme_fonts=&#8221;yes&#8221; custom_letter_spacing=&#8221;0.6px&#8221; el_class=&#8221;bt-tt_1-lmm&#8221;][vc_custom_heading text=&#8221;von 12:30 Uhr morgens bis 00:30 Uhr nach Mitternacht.&#8221; font_container=&#8221;tag:h6|font_size:23|text_align:center|color:%233a3a3a|line_height:25px&#8221; use_theme_fonts=&#8221;yes&#8221; custom_letter_spacing=&#8221;0.2px&#8221; el_class=&#8221;bt-sub-newlester-lmm&#8221;][\/vc_column][\/vc_row][vc_row][vc_column width=&#8221;1\/2&#8243;][vc_custom_heading text=&#8221;+30 690 623 6528&#8243; font_container=&#8221;tag:h2|font_size:32|text_align:center|color:%23000000|line_height:25px&#8221; use_theme_fonts=&#8221;yes&#8221; link=&#8221;url:tel%3A%2B306906236528|&#8221; el_class=&#8221;bt-tt_1-lmm&#8221;][\/vc_column][vc_column width=&#8221;1\/2&#8243;][vc_custom_heading text=&#8221;+30 699 312 0162&#8243; font_container=&#8221;tag:h2|font_size:32|text_align:center|color:%23000000|line_height:25px&#8221; use_theme_fonts=&#8221;yes&#8221; link=&#8221;url:tel%3A%2B306993120162|&#8221; el_class=&#8221;bt-tt_1-lmm&#8221;][\/vc_column][\/vc_row][vc_row][vc_column][vc_empty_space height=&#8221;20px&#8221;][\/vc_column][\/vc_row][\/vc_section]<\/p>\n<\/div>","protected":false},"excerpt":{"rendered":"<p>[vc_row css=&#8221;.vc_custom_1657555344671{padding-top: 90px !important;}&#8221;][vc_column][vc_custom_heading text=&#8221;Erleben Sie die Kunst der F\u00fcrsorge&#8221; font_container=&#8221;tag:h6|font_size:22|text_align:center|color:%23a5a251|line_height:28px&#8221; use_theme_fonts=&#8221;yes&#8221;][vc_custom_heading text=&#8221;UNSERE THERAPIEN&#8221; font_container=&#8221;tag:h2|font_size:40px|text_align:center|color:%23404040|line_height:42px&#8221; use_theme_fonts=&#8221;yes&#8221; custom_letter_spacing=&#8221;0.6px&#8221;][vc_single_image image=&#8221;4245&#8243; img_size=&#8221;full&#8221; alignment=&#8221;center&#8221;&hellip;<\/p>\n","protected":false},"author":1,"featured_media":0,"parent":0,"menu_order":0,"comment_status":"closed","ping_status":"closed","template":"","meta":{"_acf_changed":false,"footnotes":""},"class_list":["post-7666","page","type-page","status-publish","hentry"],"acf":[],"yoast_head":"<!-- This site is optimized with the Yoast SEO plugin v27.0 - https:\/\/yoast.com\/product\/yoast-seo-wordpress\/ -->\n<title>Massagetherapeuten zu Hause Hotel | MASSAGE ROYAL<\/title>\n<meta name=\"description\" content=\"Massagetherapeuten bei Ihnen zu Hause, im Hotel, auf dem Boot, in der Villa, B\u00fcro. Vereinbaren Sie einen Termin f\u00fcr eine entspannende Massage\" \/>\n<meta name=\"robots\" content=\"index, follow, max-snippet:-1, max-image-preview:large, max-video-preview:-1\" \/>\n<link rel=\"canonical\" href=\"https:\/\/massageroyal.gr\/de\/massagetherapeuten\/\" \/>\n<meta property=\"og:locale\" content=\"de_DE\" \/>\n<meta property=\"og:type\" content=\"article\" \/>\n<meta property=\"og:title\" content=\"Massagetherapeuten zu Hause Hotel | MASSAGE ROYAL\" \/>\n<meta property=\"og:description\" content=\"Massagetherapeuten bei Ihnen zu Hause, im Hotel, auf dem Boot, in der Villa, B\u00fcro. Vereinbaren Sie einen Termin f\u00fcr eine entspannende Massage\" \/>\n<meta property=\"og:url\" content=\"https:\/\/massageroyal.gr\/de\/massagetherapeuten\/\" \/>\n<meta property=\"og:site_name\" content=\"MASSAGE ROYAL\" \/>\n<meta property=\"article:publisher\" content=\"https:\/\/www.facebook.com\/massageroyals\" \/>\n<meta property=\"article:modified_time\" content=\"2024-09-27T13:10:59+00:00\" \/>\n<meta property=\"og:image\" content=\"https:\/\/massageroyal.gr\/wp-content\/uploads\/2022\/07\/massage_royal_social_logo_1200x630.png\" \/>\n\t<meta property=\"og:image:width\" content=\"1200\" \/>\n\t<meta property=\"og:image:height\" content=\"630\" \/>\n\t<meta property=\"og:image:type\" content=\"image\/png\" \/>\n<meta name=\"twitter:card\" content=\"summary_large_image\" \/>\n<meta name=\"twitter:label1\" content=\"Gesch\u00e4tzte Lesezeit\" \/>\n\t<meta name=\"twitter:data1\" content=\"3\u00a0Minuten\" \/>\n<script type=\"application\/ld+json\" class=\"yoast-schema-graph\">{\"@context\":\"https:\/\/schema.org\",\"@graph\":[{\"@type\":\"WebPage\",\"@id\":\"https:\/\/massageroyal.gr\/de\/massagetherapeuten\/\",\"url\":\"https:\/\/massageroyal.gr\/de\/massagetherapeuten\/\",\"name\":\"Massagetherapeuten zu Hause Hotel | MASSAGE ROYAL\",\"isPartOf\":{\"@id\":\"https:\/\/massageroyal.gr\/de\/#website\"},\"datePublished\":\"2018-05-21T06:42:48+00:00\",\"dateModified\":\"2024-09-27T13:10:59+00:00\",\"description\":\"Massagetherapeuten bei Ihnen zu Hause, im Hotel, auf dem Boot, in der Villa, B\u00fcro. Vereinbaren Sie einen Termin f\u00fcr eine entspannende Massage\",\"breadcrumb\":{\"@id\":\"https:\/\/massageroyal.gr\/de\/massagetherapeuten\/#breadcrumb\"},\"inLanguage\":\"de\",\"potentialAction\":[{\"@type\":\"ReadAction\",\"target\":[\"https:\/\/massageroyal.gr\/de\/massagetherapeuten\/\"]}]},{\"@type\":\"BreadcrumbList\",\"@id\":\"https:\/\/massageroyal.gr\/de\/massagetherapeuten\/#breadcrumb\",\"itemListElement\":[{\"@type\":\"ListItem\",\"position\":1,\"name\":\"Home\",\"item\":\"https:\/\/massageroyal.gr\/de\/\"},{\"@type\":\"ListItem\",\"position\":2,\"name\":\"Therapeutinnen\"}]},{\"@type\":\"WebSite\",\"@id\":\"https:\/\/massageroyal.gr\/de\/#website\",\"url\":\"https:\/\/massageroyal.gr\/de\/\",\"name\":\"MASSAGE ROYAL\",\"description\":\"\u03a7\u03b1\u03bb\u03b1\u03c1\u03c9\u03c4\u03b9\u03ba\u03cc \u03bc\u03b1\u03c3\u03ac\u03b6 \u03c3\u03c4\u03bf \u03c3\u03c0\u03af\u03c4\u03b9 - \u039c\u03b1\u03c3\u03ac\u03b6 \u03ba\u03b1\u03c4\u2019 \u03bf\u03af\u03ba\u03bf\u03bd | \u0391\u03b8\u03ae\u03bd\u03b1, \u03a0\u03b5\u03b9\u03c1\u03b1\u03b9\u03ac\u03c2, \u039c\u03cd\u03ba\u03bf\u03bd\u03bf\u03c2, \u0398\u03b5\u03c3\u03c3\u03b1\u03bb\u03bf\u03bd\u03af\u03ba\u03b7\",\"publisher\":{\"@id\":\"https:\/\/massageroyal.gr\/de\/#organization\"},\"potentialAction\":[{\"@type\":\"SearchAction\",\"target\":{\"@type\":\"EntryPoint\",\"urlTemplate\":\"https:\/\/massageroyal.gr\/de\/?s={search_term_string}\"},\"query-input\":{\"@type\":\"PropertyValueSpecification\",\"valueRequired\":true,\"valueName\":\"search_term_string\"}}],\"inLanguage\":\"de\"},{\"@type\":\"Organization\",\"@id\":\"https:\/\/massageroyal.gr\/de\/#organization\",\"name\":\"Massage Royal\",\"url\":\"https:\/\/massageroyal.gr\/de\/\",\"logo\":{\"@type\":\"ImageObject\",\"inLanguage\":\"de\",\"@id\":\"https:\/\/massageroyal.gr\/de\/#\/schema\/logo\/image\/\",\"url\":\"https:\/\/massageroyal.gr\/wp-content\/uploads\/2022\/07\/mr-foot-logo.png\",\"contentUrl\":\"https:\/\/massageroyal.gr\/wp-content\/uploads\/2022\/07\/mr-foot-logo.png\",\"width\":280,\"height\":95,\"caption\":\"Massage Royal\"},\"image\":{\"@id\":\"https:\/\/massageroyal.gr\/de\/#\/schema\/logo\/image\/\"},\"sameAs\":[\"https:\/\/www.facebook.com\/massageroyals\",\"https:\/\/www.instagram.com\/massageroyals\/\"]}]}<\/script>\n<!-- \/ Yoast SEO plugin. -->","yoast_head_json":{"title":"Massagetherapeuten zu Hause Hotel | MASSAGE ROYAL","description":"Massagetherapeuten bei Ihnen zu Hause, im Hotel, auf dem Boot, in der Villa, B\u00fcro. Vereinbaren Sie einen Termin f\u00fcr eine entspannende Massage","robots":{"index":"index","follow":"follow","max-snippet":"max-snippet:-1","max-image-preview":"max-image-preview:large","max-video-preview":"max-video-preview:-1"},"canonical":"https:\/\/massageroyal.gr\/de\/massagetherapeuten\/","og_locale":"de_DE","og_type":"article","og_title":"Massagetherapeuten zu Hause Hotel | MASSAGE ROYAL","og_description":"Massagetherapeuten bei Ihnen zu Hause, im Hotel, auf dem Boot, in der Villa, B\u00fcro. Vereinbaren Sie einen Termin f\u00fcr eine entspannende Massage","og_url":"https:\/\/massageroyal.gr\/de\/massagetherapeuten\/","og_site_name":"MASSAGE ROYAL","article_publisher":"https:\/\/www.facebook.com\/massageroyals","article_modified_time":"2024-09-27T13:10:59+00:00","og_image":[{"width":1200,"height":630,"url":"https:\/\/massageroyal.gr\/wp-content\/uploads\/2022\/07\/massage_royal_social_logo_1200x630.png","type":"image\/png"}],"twitter_card":"summary_large_image","twitter_misc":{"Gesch\u00e4tzte Lesezeit":"3\u00a0Minuten"},"schema":{"@context":"https:\/\/schema.org","@graph":[{"@type":"WebPage","@id":"https:\/\/massageroyal.gr\/de\/massagetherapeuten\/","url":"https:\/\/massageroyal.gr\/de\/massagetherapeuten\/","name":"Massagetherapeuten zu Hause Hotel | MASSAGE ROYAL","isPartOf":{"@id":"https:\/\/massageroyal.gr\/de\/#website"},"datePublished":"2018-05-21T06:42:48+00:00","dateModified":"2024-09-27T13:10:59+00:00","description":"Massagetherapeuten bei Ihnen zu Hause, im Hotel, auf dem Boot, in der Villa, B\u00fcro. Vereinbaren Sie einen Termin f\u00fcr eine entspannende Massage","breadcrumb":{"@id":"https:\/\/massageroyal.gr\/de\/massagetherapeuten\/#breadcrumb"},"inLanguage":"de","potentialAction":[{"@type":"ReadAction","target":["https:\/\/massageroyal.gr\/de\/massagetherapeuten\/"]}]},{"@type":"BreadcrumbList","@id":"https:\/\/massageroyal.gr\/de\/massagetherapeuten\/#breadcrumb","itemListElement":[{"@type":"ListItem","position":1,"name":"Home","item":"https:\/\/massageroyal.gr\/de\/"},{"@type":"ListItem","position":2,"name":"Therapeutinnen"}]},{"@type":"WebSite","@id":"https:\/\/massageroyal.gr\/de\/#website","url":"https:\/\/massageroyal.gr\/de\/","name":"MASSAGE ROYAL","description":"\u03a7\u03b1\u03bb\u03b1\u03c1\u03c9\u03c4\u03b9\u03ba\u03cc \u03bc\u03b1\u03c3\u03ac\u03b6 \u03c3\u03c4\u03bf \u03c3\u03c0\u03af\u03c4\u03b9 - \u039c\u03b1\u03c3\u03ac\u03b6 \u03ba\u03b1\u03c4\u2019 \u03bf\u03af\u03ba\u03bf\u03bd | \u0391\u03b8\u03ae\u03bd\u03b1, \u03a0\u03b5\u03b9\u03c1\u03b1\u03b9\u03ac\u03c2, \u039c\u03cd\u03ba\u03bf\u03bd\u03bf\u03c2, \u0398\u03b5\u03c3\u03c3\u03b1\u03bb\u03bf\u03bd\u03af\u03ba\u03b7","publisher":{"@id":"https:\/\/massageroyal.gr\/de\/#organization"},"potentialAction":[{"@type":"SearchAction","target":{"@type":"EntryPoint","urlTemplate":"https:\/\/massageroyal.gr\/de\/?s={search_term_string}"},"query-input":{"@type":"PropertyValueSpecification","valueRequired":true,"valueName":"search_term_string"}}],"inLanguage":"de"},{"@type":"Organization","@id":"https:\/\/massageroyal.gr\/de\/#organization","name":"Massage Royal","url":"https:\/\/massageroyal.gr\/de\/","logo":{"@type":"ImageObject","inLanguage":"de","@id":"https:\/\/massageroyal.gr\/de\/#\/schema\/logo\/image\/","url":"https:\/\/massageroyal.gr\/wp-content\/uploads\/2022\/07\/mr-foot-logo.png","contentUrl":"https:\/\/massageroyal.gr\/wp-content\/uploads\/2022\/07\/mr-foot-logo.png","width":280,"height":95,"caption":"Massage Royal"},"image":{"@id":"https:\/\/massageroyal.gr\/de\/#\/schema\/logo\/image\/"},"sameAs":["https:\/\/www.facebook.com\/massageroyals","https:\/\/www.instagram.com\/massageroyals\/"]}]}},"_links":{"self":[{"href":"https:\/\/massageroyal.gr\/de\/wp-json\/wp\/v2\/pages\/7666","targetHints":{"allow":["GET"]}}],"collection":[{"href":"https:\/\/massageroyal.gr\/de\/wp-json\/wp\/v2\/pages"}],"about":[{"href":"https:\/\/massageroyal.gr\/de\/wp-json\/wp\/v2\/types\/page"}],"author":[{"embeddable":true,"href":"https:\/\/massageroyal.gr\/de\/wp-json\/wp\/v2\/users\/1"}],"replies":[{"embeddable":true,"href":"https:\/\/massageroyal.gr\/de\/wp-json\/wp\/v2\/comments?post=7666"}],"version-history":[{"count":13,"href":"https:\/\/massageroyal.gr\/de\/wp-json\/wp\/v2\/pages\/7666\/revisions"}],"predecessor-version":[{"id":8076,"href":"https:\/\/massageroyal.gr\/de\/wp-json\/wp\/v2\/pages\/7666\/revisions\/8076"}],"wp:attachment":[{"href":"https:\/\/massageroyal.gr\/de\/wp-json\/wp\/v2\/media?parent=7666"}],"curies":[{"name":"wp","href":"https:\/\/api.w.org\/{rel}","templated":true}]}}