{"id":7681,"date":"2018-07-11T01:58:17","date_gmt":"2018-07-10T22:58:17","guid":{"rendered":"https:\/\/massageroyal.gr\/buchungen\/"},"modified":"2024-09-27T14:55:42","modified_gmt":"2024-09-27T11:55:42","slug":"buchungen","status":"publish","type":"page","link":"https:\/\/massageroyal.gr\/de\/buchungen\/","title":{"rendered":"Buchungen"},"content":{"rendered":"<div class=\"wpb-content-wrapper\"><p>[vc_row full_width=&#8221;stretch_row&#8221; css=&#8221;.vc_custom_1657034891120{padding-top: 50px !important;padding-bottom: 50px !important;background: #fafafa url(https:\/\/mannmassage.gr\/wp-content\/uploads\/2019\/12\/bg-tes.jpg?id=5086) !important;background-position: center !important;background-repeat: no-repeat !important;background-size: cover !important;}&#8221;][vc_column][vc_custom_heading text=&#8221;Erleben Sie die Kunst luxuri\u00f6ser Pflege&#8221; font_container=&#8221;tag:h6|font_size:22|text_align:center|color:%23a5a251|line_height:28px&#8221; use_theme_fonts=&#8221;yes&#8221; css=&#8221;&#8221; custom_letter_spacing=&#8221;0.6px&#8221;][vc_custom_heading text=&#8221;VEREINBARE EINEN TERMIN&#8221; font_container=&#8221;tag:h2|font_size:40|text_align:center|color:%23404040|line_height:42px&#8221; use_theme_fonts=&#8221;yes&#8221; custom_letter_spacing=&#8221;0.6px&#8221;][vc_single_image image=&#8221;4245&#8243; img_size=&#8221;full&#8221; alignment=&#8221;center&#8221;][vc_column_text css=&#8221;&#8221;]<\/p>\n<p style=\"text-align: center;\">Kontaktieren Sie uns schriftlich \u00fcber die Anwendungen Viber oder WhatsApp. Teilen Sie uns mit, wann Sie eine Massage m\u00f6chten,<br \/>\nwelche Art von Massage Sie w\u00fcnschen, in welcher Region und Stadt Sie sich befinden, ob Sie in einem Hotel oder zu Hause sind.<br \/>\nEntsprechend den oben genannten Informationen buchen wir Ihren Termin.[\/vc_column_text][\/vc_column][vc_column width=&#8221;1\/2&#8243;][vc_column_text css=&#8221;.vc_custom_1727438138280{padding-right: 50px !important;padding-left: 50px !important;}&#8221;]Nach der telefonischen Kommunikation, die wir schriftlich \u00fcber die Anwendungen Viber oder Whatsapp gef\u00fchrt haben, und da Sie nun die Masseurin ausgew\u00e4hlt haben, die Sie massieren lassen m\u00f6chten, werden Sie um die folgenden Informationen gebeten, um Ihren Termin zu buchen und zu best\u00e4tigen .<\/p>\n<p><strong>Hinweis:<\/strong><br \/>\nWenn Sie Verletzungen oder Allergien haben, sollten Sie uns dies mitteilen.![\/vc_column_text][\/vc_column][vc_column width=&#8221;1\/2&#8243;][vc_column_text css=&#8221;.vc_custom_1726758748368{padding-right: 50px !important;padding-left: 50px !important;}&#8221;]<strong>Folgende Informationen werden von Ihnen abgefragt:<\/strong><\/p>\n<ul>\n<li>Vollst\u00e4ndiger Name<\/li>\n<li>Telefon<\/li>\n<li>Adresse<\/li>\n<li>Postleitzahl<\/li>\n<li>Name auf der T\u00fcrklingel und Etage (wenn Sie in einem Haus oder Airbnb wohnen)<\/li>\n<li>Hotelname und Zimmernummer (wenn Sie in einem Hotel wohnen)<\/li>\n<\/ul>\n<p>[\/vc_column_text][\/vc_column][vc_column width=&#8221;1\/3&#8243;][\/vc_column][vc_column width=&#8221;1\/3&#8243;][vc_column_text css=&#8221;.vc_custom_1727437933540{padding-left: 40px !important;}&#8221;]<\/p>\n<div class=\"work-bt\">\n<h5>Arbeitszeit<\/h5>\n<ul class=\"book-p\">\n<li class=\"\">Wir haben t\u00e4glich von ge\u00f6ffnet<\/li>\n<li class=\"\">12:30 &#8211; 00:30 nach Mitternacht<\/li>\n<li class=\"xs-weekend\">WILLST DU EIN ANDERES MAL?<\/li>\n<li class=\"xs-weekend\">FRAG UNS<\/li>\n<\/ul>\n<\/div>\n<p>[\/vc_column_text][\/vc_column][vc_column width=&#8221;1\/3&#8243;][\/vc_column][\/vc_row][vc_row][vc_column][vc_custom_heading text=&#8221;KONTINUIERLICHE ERNEUERUNG DER M\u00c4NNLICHEN THERAPEUTEN JEDEN MONAT!&#8221; font_container=&#8221;tag:h4|text_align:center|color:%23a5a251&#8243; use_theme_fonts=&#8221;yes&#8221; css=&#8221;&#8221; custom_letter_spacing=&#8221;0.6px&#8221;][vc_column_text]<\/p>\n<p style=\"text-align: center;\">Kontaktieren Sie uns telefonisch \u00fcber Viber oder WhatsApp und erhalten Sie aktuelle Fotos unserer neuen Therapeuten.<\/p>\n<p>[\/vc_column_text][\/vc_column][\/vc_row][vc_row][vc_column][vc_empty_space height=&#8221;50px&#8221;][\/vc_column][\/vc_row][vc_section full_width=&#8221;stretch_row&#8221; css=&#8221;.vc_custom_1657548965591{padding-top: 60px !important;padding-bottom: 40px !important;background-image: url(https:\/\/mannmassage.gr\/wp-content\/uploads\/2022\/07\/bg-bot-3.jpg?id=6338) !important;background-position: center !important;background-repeat: no-repeat !important;background-size: cover !important;}&#8221;][vc_row][vc_column offset=&#8221;vc_col-lg-offset-2 vc_col-lg-8&#8243;][vc_custom_heading text=&#8221;ATHEN, PIR\u00c4US, MYKONOS, THESSALONIKI&#8221; font_container=&#8221;tag:h4|font_size:19|text_align:center|color:%23ffffff|line_height:22px&#8221; use_theme_fonts=&#8221;yes&#8221; custom_letter_spacing=&#8221;0.6px&#8221;][vc_custom_heading text=&#8221;MASSAGE ZU HAUSE, IM HOTEL, IM B\u00dcRO, AUF DEM BOOT, BACHELOR&#8221; font_container=&#8221;tag:h5|font_size:18|text_align:center|color:%23e0dfb5|line_height:30px&#8221; use_theme_fonts=&#8221;yes&#8221; custom_letter_spacing=&#8221;0.6px&#8221;][vc_single_image image=&#8221;6498&#8243; alignment=&#8221;center&#8221; el_class=&#8221;bt-beauty&#8221;][vc_custom_heading text=&#8221;WIR HABEN T\u00c4GLICH GE\u00d6FFNET&#8221; font_container=&#8221;tag:h5|font_size:45|text_align:center|color:%23ffffff|line_height:50px&#8221; use_theme_fonts=&#8221;yes&#8221; custom_letter_spacing=&#8221;0.6px&#8221; el_class=&#8221;bt-tt_1-lmm&#8221;][vc_custom_heading text=&#8221;von 12:30 Uhr morgens bis 00:30 Uhr nach Mitternacht.&#8221; font_container=&#8221;tag:h6|font_size:23|text_align:center|color:%233a3a3a|line_height:25px&#8221; use_theme_fonts=&#8221;yes&#8221; css=&#8221;&#8221; custom_letter_spacing=&#8221;0.2px&#8221; el_class=&#8221;bt-sub-newlester-lmm&#8221;][\/vc_column][\/vc_row][vc_row][vc_column width=&#8221;1\/2&#8243;][vc_custom_heading text=&#8221;+30 690 623 6528&#8243; font_container=&#8221;tag:h2|font_size:32|text_align:center|color:%23000000|line_height:25px&#8221; use_theme_fonts=&#8221;yes&#8221; css=&#8221;&#8221; el_class=&#8221;bt-tt_1-lmm&#8221; link=&#8221;url:tel%3A%2B306906236528&#8243;][\/vc_column][vc_column width=&#8221;1\/2&#8243;][vc_custom_heading text=&#8221;+30 699 312 0162&#8243; font_container=&#8221;tag:h2|font_size:32|text_align:center|color:%23000000|line_height:25px&#8221; use_theme_fonts=&#8221;yes&#8221; css=&#8221;&#8221; el_class=&#8221;bt-tt_1-lmm&#8221; link=&#8221;url:tel%3A%2B306993120162&#8243;][\/vc_column][\/vc_row][vc_row][vc_column][vc_empty_space height=&#8221;20px&#8221;][\/vc_column][\/vc_row][\/vc_section]<\/p>\n<\/div>","protected":false},"excerpt":{"rendered":"<p>[vc_row full_width=&#8221;stretch_row&#8221; css=&#8221;.vc_custom_1657034891120{padding-top: 50px !important;padding-bottom: 50px !important;background: #fafafa url(https:\/\/mannmassage.gr\/wp-content\/uploads\/2019\/12\/bg-tes.jpg?id=5086) !important;background-position: center !important;background-repeat: no-repeat !important;background-size: cover !important;}&#8221;][vc_column][vc_custom_heading text=&#8221;Erleben Sie die Kunst&hellip;<\/p>\n","protected":false},"author":1,"featured_media":0,"parent":0,"menu_order":0,"comment_status":"closed","ping_status":"closed","template":"","meta":{"_acf_changed":false,"footnotes":""},"class_list":["post-7681","page","type-page","status-publish","hentry"],"acf":[],"yoast_head":"<!-- This site is optimized with the Yoast SEO plugin v27.0 - https:\/\/yoast.com\/product\/yoast-seo-wordpress\/ -->\n<title>Buchungen | Massage Royal Athen, Pir\u00e4us, Mykonos, Thessaloniki<\/title>\n<meta name=\"description\" content=\"Hochwertige Massagedienste zu Hause, zu Hause, im B\u00fcro, in Ihrem Hotel oder auf Ihrem Boot, in Athen, Pir\u00e4us, Mykonos, Thessaloniki\" \/>\n<meta name=\"robots\" content=\"index, follow, max-snippet:-1, max-image-preview:large, max-video-preview:-1\" \/>\n<link rel=\"canonical\" href=\"https:\/\/massageroyal.gr\/de\/buchungen\/\" \/>\n<meta property=\"og:locale\" content=\"de_DE\" \/>\n<meta property=\"og:type\" content=\"article\" \/>\n<meta property=\"og:title\" content=\"Buchungen | Massage Royal Athen, Pir\u00e4us, Mykonos, Thessaloniki\" \/>\n<meta property=\"og:description\" content=\"Hochwertige Massagedienste zu Hause, zu Hause, im B\u00fcro, in Ihrem Hotel oder auf Ihrem Boot, in Athen, Pir\u00e4us, Mykonos, Thessaloniki\" \/>\n<meta property=\"og:url\" content=\"https:\/\/massageroyal.gr\/de\/buchungen\/\" \/>\n<meta property=\"og:site_name\" content=\"MASSAGE ROYAL\" \/>\n<meta property=\"article:publisher\" content=\"https:\/\/www.facebook.com\/massageroyals\" \/>\n<meta property=\"article:modified_time\" content=\"2024-09-27T11:55:42+00:00\" \/>\n<meta property=\"og:image\" content=\"https:\/\/massageroyal.gr\/wp-content\/uploads\/2022\/07\/massage_royal_social_logo_1200x630.png\" \/>\n\t<meta property=\"og:image:width\" content=\"1200\" \/>\n\t<meta property=\"og:image:height\" content=\"630\" \/>\n\t<meta property=\"og:image:type\" content=\"image\/png\" \/>\n<meta name=\"twitter:card\" content=\"summary_large_image\" \/>\n<meta name=\"twitter:label1\" content=\"Gesch\u00e4tzte Lesezeit\" \/>\n\t<meta name=\"twitter:data1\" content=\"2\u00a0Minuten\" \/>\n<script type=\"application\/ld+json\" class=\"yoast-schema-graph\">{\"@context\":\"https:\/\/schema.org\",\"@graph\":[{\"@type\":\"WebPage\",\"@id\":\"https:\/\/massageroyal.gr\/de\/buchungen\/\",\"url\":\"https:\/\/massageroyal.gr\/de\/buchungen\/\",\"name\":\"Buchungen | Massage Royal Athen, Pir\u00e4us, Mykonos, Thessaloniki\",\"isPartOf\":{\"@id\":\"https:\/\/massageroyal.gr\/de\/#website\"},\"datePublished\":\"2018-07-10T22:58:17+00:00\",\"dateModified\":\"2024-09-27T11:55:42+00:00\",\"description\":\"Hochwertige Massagedienste zu Hause, zu Hause, im B\u00fcro, in Ihrem Hotel oder auf Ihrem Boot, in Athen, Pir\u00e4us, Mykonos, Thessaloniki\",\"breadcrumb\":{\"@id\":\"https:\/\/massageroyal.gr\/de\/buchungen\/#breadcrumb\"},\"inLanguage\":\"de\",\"potentialAction\":[{\"@type\":\"ReadAction\",\"target\":[\"https:\/\/massageroyal.gr\/de\/buchungen\/\"]}]},{\"@type\":\"BreadcrumbList\",\"@id\":\"https:\/\/massageroyal.gr\/de\/buchungen\/#breadcrumb\",\"itemListElement\":[{\"@type\":\"ListItem\",\"position\":1,\"name\":\"Home\",\"item\":\"https:\/\/massageroyal.gr\/de\/\"},{\"@type\":\"ListItem\",\"position\":2,\"name\":\"Buchungen\"}]},{\"@type\":\"WebSite\",\"@id\":\"https:\/\/massageroyal.gr\/de\/#website\",\"url\":\"https:\/\/massageroyal.gr\/de\/\",\"name\":\"MASSAGE ROYAL\",\"description\":\"\u03a7\u03b1\u03bb\u03b1\u03c1\u03c9\u03c4\u03b9\u03ba\u03cc \u03bc\u03b1\u03c3\u03ac\u03b6 \u03c3\u03c4\u03bf \u03c3\u03c0\u03af\u03c4\u03b9 - \u039c\u03b1\u03c3\u03ac\u03b6 \u03ba\u03b1\u03c4\u2019 \u03bf\u03af\u03ba\u03bf\u03bd | \u0391\u03b8\u03ae\u03bd\u03b1, \u03a0\u03b5\u03b9\u03c1\u03b1\u03b9\u03ac\u03c2, \u039c\u03cd\u03ba\u03bf\u03bd\u03bf\u03c2, \u0398\u03b5\u03c3\u03c3\u03b1\u03bb\u03bf\u03bd\u03af\u03ba\u03b7\",\"publisher\":{\"@id\":\"https:\/\/massageroyal.gr\/de\/#organization\"},\"potentialAction\":[{\"@type\":\"SearchAction\",\"target\":{\"@type\":\"EntryPoint\",\"urlTemplate\":\"https:\/\/massageroyal.gr\/de\/?s={search_term_string}\"},\"query-input\":{\"@type\":\"PropertyValueSpecification\",\"valueRequired\":true,\"valueName\":\"search_term_string\"}}],\"inLanguage\":\"de\"},{\"@type\":\"Organization\",\"@id\":\"https:\/\/massageroyal.gr\/de\/#organization\",\"name\":\"Massage Royal\",\"url\":\"https:\/\/massageroyal.gr\/de\/\",\"logo\":{\"@type\":\"ImageObject\",\"inLanguage\":\"de\",\"@id\":\"https:\/\/massageroyal.gr\/de\/#\/schema\/logo\/image\/\",\"url\":\"https:\/\/massageroyal.gr\/wp-content\/uploads\/2022\/07\/mr-foot-logo.png\",\"contentUrl\":\"https:\/\/massageroyal.gr\/wp-content\/uploads\/2022\/07\/mr-foot-logo.png\",\"width\":280,\"height\":95,\"caption\":\"Massage Royal\"},\"image\":{\"@id\":\"https:\/\/massageroyal.gr\/de\/#\/schema\/logo\/image\/\"},\"sameAs\":[\"https:\/\/www.facebook.com\/massageroyals\",\"https:\/\/www.instagram.com\/massageroyals\/\"]}]}<\/script>\n<!-- \/ Yoast SEO plugin. -->","yoast_head_json":{"title":"Buchungen | Massage Royal Athen, Pir\u00e4us, Mykonos, Thessaloniki","description":"Hochwertige Massagedienste zu Hause, zu Hause, im B\u00fcro, in Ihrem Hotel oder auf Ihrem Boot, in Athen, Pir\u00e4us, Mykonos, Thessaloniki","robots":{"index":"index","follow":"follow","max-snippet":"max-snippet:-1","max-image-preview":"max-image-preview:large","max-video-preview":"max-video-preview:-1"},"canonical":"https:\/\/massageroyal.gr\/de\/buchungen\/","og_locale":"de_DE","og_type":"article","og_title":"Buchungen | Massage Royal Athen, Pir\u00e4us, Mykonos, Thessaloniki","og_description":"Hochwertige Massagedienste zu Hause, zu Hause, im B\u00fcro, in Ihrem Hotel oder auf Ihrem Boot, in Athen, Pir\u00e4us, Mykonos, Thessaloniki","og_url":"https:\/\/massageroyal.gr\/de\/buchungen\/","og_site_name":"MASSAGE ROYAL","article_publisher":"https:\/\/www.facebook.com\/massageroyals","article_modified_time":"2024-09-27T11:55:42+00:00","og_image":[{"width":1200,"height":630,"url":"https:\/\/massageroyal.gr\/wp-content\/uploads\/2022\/07\/massage_royal_social_logo_1200x630.png","type":"image\/png"}],"twitter_card":"summary_large_image","twitter_misc":{"Gesch\u00e4tzte Lesezeit":"2\u00a0Minuten"},"schema":{"@context":"https:\/\/schema.org","@graph":[{"@type":"WebPage","@id":"https:\/\/massageroyal.gr\/de\/buchungen\/","url":"https:\/\/massageroyal.gr\/de\/buchungen\/","name":"Buchungen | Massage Royal Athen, Pir\u00e4us, Mykonos, Thessaloniki","isPartOf":{"@id":"https:\/\/massageroyal.gr\/de\/#website"},"datePublished":"2018-07-10T22:58:17+00:00","dateModified":"2024-09-27T11:55:42+00:00","description":"Hochwertige Massagedienste zu Hause, zu Hause, im B\u00fcro, in Ihrem Hotel oder auf Ihrem Boot, in Athen, Pir\u00e4us, Mykonos, Thessaloniki","breadcrumb":{"@id":"https:\/\/massageroyal.gr\/de\/buchungen\/#breadcrumb"},"inLanguage":"de","potentialAction":[{"@type":"ReadAction","target":["https:\/\/massageroyal.gr\/de\/buchungen\/"]}]},{"@type":"BreadcrumbList","@id":"https:\/\/massageroyal.gr\/de\/buchungen\/#breadcrumb","itemListElement":[{"@type":"ListItem","position":1,"name":"Home","item":"https:\/\/massageroyal.gr\/de\/"},{"@type":"ListItem","position":2,"name":"Buchungen"}]},{"@type":"WebSite","@id":"https:\/\/massageroyal.gr\/de\/#website","url":"https:\/\/massageroyal.gr\/de\/","name":"MASSAGE ROYAL","description":"\u03a7\u03b1\u03bb\u03b1\u03c1\u03c9\u03c4\u03b9\u03ba\u03cc \u03bc\u03b1\u03c3\u03ac\u03b6 \u03c3\u03c4\u03bf \u03c3\u03c0\u03af\u03c4\u03b9 - \u039c\u03b1\u03c3\u03ac\u03b6 \u03ba\u03b1\u03c4\u2019 \u03bf\u03af\u03ba\u03bf\u03bd | \u0391\u03b8\u03ae\u03bd\u03b1, \u03a0\u03b5\u03b9\u03c1\u03b1\u03b9\u03ac\u03c2, \u039c\u03cd\u03ba\u03bf\u03bd\u03bf\u03c2, \u0398\u03b5\u03c3\u03c3\u03b1\u03bb\u03bf\u03bd\u03af\u03ba\u03b7","publisher":{"@id":"https:\/\/massageroyal.gr\/de\/#organization"},"potentialAction":[{"@type":"SearchAction","target":{"@type":"EntryPoint","urlTemplate":"https:\/\/massageroyal.gr\/de\/?s={search_term_string}"},"query-input":{"@type":"PropertyValueSpecification","valueRequired":true,"valueName":"search_term_string"}}],"inLanguage":"de"},{"@type":"Organization","@id":"https:\/\/massageroyal.gr\/de\/#organization","name":"Massage Royal","url":"https:\/\/massageroyal.gr\/de\/","logo":{"@type":"ImageObject","inLanguage":"de","@id":"https:\/\/massageroyal.gr\/de\/#\/schema\/logo\/image\/","url":"https:\/\/massageroyal.gr\/wp-content\/uploads\/2022\/07\/mr-foot-logo.png","contentUrl":"https:\/\/massageroyal.gr\/wp-content\/uploads\/2022\/07\/mr-foot-logo.png","width":280,"height":95,"caption":"Massage Royal"},"image":{"@id":"https:\/\/massageroyal.gr\/de\/#\/schema\/logo\/image\/"},"sameAs":["https:\/\/www.facebook.com\/massageroyals","https:\/\/www.instagram.com\/massageroyals\/"]}]}},"_links":{"self":[{"href":"https:\/\/massageroyal.gr\/de\/wp-json\/wp\/v2\/pages\/7681","targetHints":{"allow":["GET"]}}],"collection":[{"href":"https:\/\/massageroyal.gr\/de\/wp-json\/wp\/v2\/pages"}],"about":[{"href":"https:\/\/massageroyal.gr\/de\/wp-json\/wp\/v2\/types\/page"}],"author":[{"embeddable":true,"href":"https:\/\/massageroyal.gr\/de\/wp-json\/wp\/v2\/users\/1"}],"replies":[{"embeddable":true,"href":"https:\/\/massageroyal.gr\/de\/wp-json\/wp\/v2\/comments?post=7681"}],"version-history":[{"count":6,"href":"https:\/\/massageroyal.gr\/de\/wp-json\/wp\/v2\/pages\/7681\/revisions"}],"predecessor-version":[{"id":8054,"href":"https:\/\/massageroyal.gr\/de\/wp-json\/wp\/v2\/pages\/7681\/revisions\/8054"}],"wp:attachment":[{"href":"https:\/\/massageroyal.gr\/de\/wp-json\/wp\/v2\/media?parent=7681"}],"curies":[{"name":"wp","href":"https:\/\/api.w.org\/{rel}","templated":true}]}}