{"id":7766,"date":"2018-05-21T06:52:13","date_gmt":"2018-05-21T03:52:13","guid":{"rendered":"https:\/\/massageroyal.gr\/kontakt\/"},"modified":"2024-02-23T13:27:33","modified_gmt":"2024-02-23T11:27:33","slug":"kontakt","status":"publish","type":"page","link":"https:\/\/massageroyal.gr\/de\/kontakt\/","title":{"rendered":"Kontakt"},"content":{"rendered":"<div class=\"wpb-content-wrapper\"><p>[vc_section full_width=&#8221;stretch_row&#8221; css=&#8221;.vc_custom_1575529166421{padding-top: 90px !important;padding-bottom: 60px !important;background-color: #fafafa !important;}&#8221;][vc_row][vc_column offset=&#8221;vc_col-lg-offset-2 vc_col-lg-8&#8243;][vc_custom_heading text=&#8221;Erleben Sie die Kunst der F\u00fcrsorge&#8221; font_container=&#8221;tag:h6|font_size:22|text_align:center|color:%23a5a251|line_height:28px&#8221; use_theme_fonts=&#8221;yes&#8221; custom_letter_spacing=&#8221;0.6px&#8221;][vc_custom_heading text=&#8221;KONTAKTIERE UNS&#8221; font_container=&#8221;tag:h2|font_size:40|text_align:center|color:%23404040|line_height:42px&#8221; use_theme_fonts=&#8221;yes&#8221; custom_letter_spacing=&#8221;0.6px&#8221;][vc_single_image image=&#8221;4245&#8243; img_size=&#8221;full&#8221; alignment=&#8221;center&#8221; el_class=&#8221;bt-beauty&#8221;][vc_column_text]<\/p>\n<p style=\"text-align: center;\">Fragen? Kommentare? Wir w\u00fcrden uns \u00fcber Ihr Feedback zu Massage Royal oder Ihre Fragen und Bedenken freuen! &#8211; F\u00fcllen Sie die Felder unten aus und helfen Sie uns.<\/p>\n<p>[\/vc_column_text][\/vc_column][\/vc_row][vc_row][vc_column width=&#8221;1\/2&#8243;][vc_single_image image=&#8221;2371&#8243; img_size=&#8221;full&#8221; alignment=&#8221;center&#8221;][\/vc_column][vc_column width=&#8221;1\/2&#8243;]\n<div class=\"wpcf7 no-js\" id=\"wpcf7-f6640-o1\" lang=\"en-US\" dir=\"ltr\" data-wpcf7-id=\"6640\">\n<div class=\"screen-reader-response\"><p role=\"status\" aria-live=\"polite\" aria-atomic=\"true\"><\/p> <ul><\/ul><\/div>\n<form action=\"\/de\/wp-json\/wp\/v2\/pages\/7766#wpcf7-f6640-o1\" method=\"post\" class=\"wpcf7-form init\" aria-label=\"Contact form\" novalidate=\"novalidate\" data-status=\"init\">\n<fieldset class=\"hidden-fields-container\"><input type=\"hidden\" name=\"_wpcf7\" value=\"6640\" \/><input type=\"hidden\" name=\"_wpcf7_version\" value=\"6.1.5\" \/><input type=\"hidden\" name=\"_wpcf7_locale\" value=\"en_US\" \/><input type=\"hidden\" name=\"_wpcf7_unit_tag\" value=\"wpcf7-f6640-o1\" \/><input type=\"hidden\" name=\"_wpcf7_container_post\" value=\"0\" \/><input type=\"hidden\" name=\"_wpcf7_posted_data_hash\" value=\"\" \/><input type=\"hidden\" name=\"_wpcf7_recaptcha_response\" value=\"\" \/>\n<\/fieldset>\n<div class=\"bt-contact-form1\">\n\t<div class=\"col-xs-6\">\n\t\t<p><span class=\"wpcf7-form-control-wrap\" data-name=\"text-420\"><input size=\"40\" maxlength=\"400\" class=\"wpcf7-form-control wpcf7-text wpcf7-validates-as-required\" aria-required=\"true\" aria-invalid=\"false\" placeholder=\"First Name\" value=\"\" type=\"text\" name=\"text-420\" \/><\/span>\n\t\t<\/p>\n\t<\/div>\n\t<div class=\"col-xs-6\">\n\t\t<p><span class=\"wpcf7-form-control-wrap\" data-name=\"text-421\"><input size=\"40\" maxlength=\"400\" class=\"wpcf7-form-control wpcf7-text wpcf7-validates-as-required\" aria-required=\"true\" aria-invalid=\"false\" placeholder=\"Last Name\" value=\"\" type=\"text\" name=\"text-421\" \/><\/span>\n\t\t<\/p>\n\t<\/div>\n\t<div class=\"col-xs-6\">\n\t\t<p><span class=\"wpcf7-form-control-wrap\" data-name=\"tel-363\"><input size=\"40\" maxlength=\"400\" class=\"wpcf7-form-control wpcf7-tel wpcf7-validates-as-required wpcf7-text wpcf7-validates-as-tel bt-your-tel\" id=\"bt_your_tel\" aria-required=\"true\" aria-invalid=\"false\" placeholder=\"Your Mobile\" value=\"\" type=\"tel\" name=\"tel-363\" \/><\/span>\n\t\t<\/p>\n\t<\/div>\n\t<div class=\"col-xs-6\">\n\t\t<p><span class=\"wpcf7-form-control-wrap\" data-name=\"email-580\"><input size=\"40\" maxlength=\"400\" class=\"wpcf7-form-control wpcf7-email wpcf7-validates-as-required wpcf7-text wpcf7-validates-as-email bt-email-address\" id=\"bt_email_address\" aria-required=\"true\" aria-invalid=\"false\" placeholder=\"Your Email\" value=\"\" type=\"email\" name=\"email-580\" \/><\/span>\n\t\t<\/p>\n\t<\/div>\n\t<div class=\"col-xs-6\">\n\t\t<p><span class=\"wpcf7-form-control-wrap\" data-name=\"text-920\"><input size=\"40\" maxlength=\"400\" class=\"wpcf7-form-control wpcf7-text\" aria-invalid=\"false\" placeholder=\"Address, Region, Zip Code\" value=\"\" type=\"text\" name=\"text-920\" \/><\/span>\n\t\t<\/p>\n\t<\/div>\n\t<div class=\"col-xs-6\">\n\t\t<p><span class=\"wpcf7-form-control-wrap\" data-name=\"text-18\"><input size=\"40\" maxlength=\"400\" class=\"wpcf7-form-control wpcf7-text\" aria-invalid=\"false\" placeholder=\"Floor, Bell\" value=\"\" type=\"text\" name=\"text-18\" \/><\/span>\n\t\t<\/p>\n\t<\/div>\n\t<p><span class=\"wpcf7-form-control-wrap\" data-name=\"textarea-848\"><textarea cols=\"40\" rows=\"10\" maxlength=\"2000\" class=\"wpcf7-form-control wpcf7-textarea bt-description\" id=\"bt_description\" aria-invalid=\"false\" placeholder=\"Description\" name=\"textarea-848\"><\/textarea><\/span><br \/>\n<input class=\"wpcf7-form-control wpcf7-submit has-spinner bt-submit\" id=\"bt_submit\" type=\"submit\" value=\"SEND\" \/>\n\t<\/p>\n<\/div><div class=\"wpcf7-response-output\" aria-hidden=\"true\"><\/div>\n<\/form>\n<\/div>\n[\/vc_column][\/vc_row][\/vc_section][vc_section full_width=&#8221;stretch_row&#8221; css=&#8221;.vc_custom_1575529201107{padding-top: 90px !important;padding-bottom: 60px !important;background-color: #ffffff !important;}&#8221;][vc_row][vc_column width=&#8221;1\/3&#8243;]<div  class=\"wpb_theme_custom_element wpb_featured_box\">\n  <div class=\"vc-custom-inner-wrap\">\n    <div class=\"featured-box-alignment alignment-center content-alignment-center\"><div class=\"icon-wrap\"><div class=\"type-icon graphic-shape-circle\" style=\"width: 70px;height: 70px;background-color: #a5a251\"><span style=\"color: #ffffff\" class=\"_icon fas fa-home\"><\/span><\/div><\/div><div class=\"entry-box-wrap\"><h4 class=\"featured-box-title\" style=\"color: #222222;\"><a href=\"\">Servicebereiche<\/a><\/h4><div class=\"featured-box-text\" style=\"color: #444444;\">ATHEN - PIR\u00c4US <br \/>MYKONOS - THESSALONIKI<\/div><\/div><\/div>  <\/div>\n<\/div>\n[\/vc_column][vc_column width=&#8221;1\/3&#8243;]<div  class=\"wpb_theme_custom_element wpb_featured_box\">\n  <div class=\"vc-custom-inner-wrap\">\n    <div class=\"featured-box-alignment alignment-center content-alignment-center\"><div class=\"icon-wrap\"><div class=\"type-icon graphic-shape-circle\" style=\"width: 70px;height: 70px;background-color: #a5a251\"><span style=\"color: #ffffff\" class=\"_icon fas fa-phone-alt\"><\/span><\/div><\/div><div class=\"entry-box-wrap\"><h4 class=\"featured-box-title\" style=\"color: #222222;\"><a href=\"\">Kontaktnummern<\/a><\/h4><div class=\"featured-box-text\" style=\"color: #444444;\">+30 690 623 6528, +30 699 312 0162 <br \/>per Nachricht auf Viber oder WhatsApp<\/div><\/div><\/div>  <\/div>\n<\/div>\n[\/vc_column][vc_column width=&#8221;1\/3&#8243;]<div  class=\"wpb_theme_custom_element wpb_featured_box\">\n  <div class=\"vc-custom-inner-wrap\">\n    <div class=\"featured-box-alignment alignment-center content-alignment-center\"><div class=\"icon-wrap\"><div class=\"type-icon graphic-shape-circle\" style=\"width: 70px;height: 70px;background-color: #a5a251\"><span style=\"color: #ffffff\" class=\"_icon far fa-envelope\"><\/span><\/div><\/div><div class=\"entry-box-wrap\"><h4 class=\"featured-box-title\" style=\"color: #222222;\"><a href=\"\">E-Mail-Adresse<\/a><\/h4><div class=\"featured-box-text\" style=\"color: #444444;\">info (@) massageroyal.gr <br \/>booking (@) massageroyal.gr<\/div><\/div><\/div>  <\/div>\n<\/div>\n[\/vc_column][\/vc_row][\/vc_section][vc_section full_width=&#8221;stretch_row_content&#8221; css=&#8221;.vc_custom_1526886567784{padding-top: 0px !important;padding-bottom: 0px !important;}&#8221;][vc_row full_width=&#8221;stretch_row_content_no_spaces&#8221; css=&#8221;.vc_custom_1526886561486{padding-top: 0px !important;padding-bottom: 0px !important;}&#8221;][vc_column][vc_gmaps link=&#8221;#E-8_JTNDaWZyYW1lJTIwc3JjJTNEJTIyaHR0cHMlM0ElMkYlMkZ3d3cuZ29vZ2xlLmNvbSUyRm1hcHMlMkZlbWJlZCUzRnBiJTNEJTIxMW0xNCUyMTFtOCUyMTFtMyUyMTFkMTAwNjkxLjY5OTc1NzAxNTQ4JTIxMmQyMy43NjkyMzgwMTc0NDM1MzglMjEzZDM3LjkzOTQwOTM1NDAzMTQ3JTIxM20yJTIxMWkxMDI0JTIxMmk3NjglMjE0ZjEzLjElMjEzbTMlMjExbTIlMjExczB4MTRhMWJkMWYwNjcwNDNmMSUyNTNBMHgyNzM2MzU0NTc2NjY4ZGRkJTIxMnp6cEhPdU02dXpyM09zUSUyMTVlMCUyMTNtMiUyMTFzZWwlMjEyc2dyJTIxNHYxNjU3MDIxMDg1NTY4JTIxNW0yJTIxMXNlbCUyMTJzZ3IlMjIlMjB3aWR0aCUzRCUyMjYwMCUyMiUyMGhlaWdodCUzRCUyMjQ1MCUyMiUyMHN0eWxlJTNEJTIyYm9yZGVyJTNBMCUzQiUyMiUyMGFsbG93ZnVsbHNjcmVlbiUzRCUyMiUyMiUyMGxvYWRpbmclM0QlMjJsYXp5JTIyJTIwcmVmZXJyZXJwb2xpY3klM0QlMjJuby1yZWZlcnJlci13aGVuLWRvd25ncmFkZSUyMiUzRSUzQyUyRmlmcmFtZSUzRQ==&#8221; css=&#8221;.vc_custom_1657021102687{margin-bottom: 0px !important;padding-bottom: 0px !important;}&#8221;][\/vc_column][\/vc_row][\/vc_section]<\/p>\n<\/div>","protected":false},"excerpt":{"rendered":"<p>[vc_section full_width=&#8221;stretch_row&#8221; css=&#8221;.vc_custom_1575529166421{padding-top: 90px !important;padding-bottom: 60px !important;background-color: #fafafa !important;}&#8221;][vc_row][vc_column offset=&#8221;vc_col-lg-offset-2 vc_col-lg-8&#8243;][vc_custom_heading text=&#8221;Erleben Sie die Kunst der F\u00fcrsorge&#8221; font_container=&#8221;tag:h6|font_size:22|text_align:center|color:%23a5a251|line_height:28px&#8221; use_theme_fonts=&#8221;yes&#8221; custom_letter_spacing=&#8221;0.6px&#8221;][vc_custom_heading&hellip;<\/p>\n","protected":false},"author":1,"featured_media":0,"parent":0,"menu_order":0,"comment_status":"closed","ping_status":"closed","template":"","meta":{"_acf_changed":false,"footnotes":""},"class_list":["post-7766","page","type-page","status-publish","hentry"],"acf":[],"yoast_head":"<!-- This site is optimized with the Yoast SEO plugin v27.0 - https:\/\/yoast.com\/product\/yoast-seo-wordpress\/ -->\n<title>Kontakt f\u00fcr Massage Hause MASSAGE ROYAL |<\/title>\n<meta name=\"description\" content=\"Kontakt f\u00fcr Massage zu Hause. Sie haben Fragen zur Heimmassage? Kontaktieren Sie Massage Royal, um Ihre Fragen zu beantworten\" \/>\n<meta name=\"robots\" content=\"index, follow, max-snippet:-1, max-image-preview:large, max-video-preview:-1\" \/>\n<link rel=\"canonical\" href=\"https:\/\/massageroyal.gr\/de\/kontakt\/\" \/>\n<meta property=\"og:locale\" content=\"de_DE\" \/>\n<meta property=\"og:type\" content=\"article\" \/>\n<meta property=\"og:title\" content=\"Kontakt f\u00fcr Massage Hause MASSAGE ROYAL |\" \/>\n<meta property=\"og:description\" content=\"Kontakt f\u00fcr Massage zu Hause. Sie haben Fragen zur Heimmassage? Kontaktieren Sie Massage Royal, um Ihre Fragen zu beantworten\" \/>\n<meta property=\"og:url\" content=\"https:\/\/massageroyal.gr\/de\/kontakt\/\" \/>\n<meta property=\"og:site_name\" content=\"MASSAGE ROYAL\" \/>\n<meta property=\"article:publisher\" content=\"https:\/\/www.facebook.com\/massageroyals\" \/>\n<meta property=\"article:modified_time\" content=\"2024-02-23T11:27:33+00:00\" \/>\n<meta property=\"og:image\" content=\"https:\/\/massageroyal.gr\/wp-content\/uploads\/2022\/07\/massage_royal_social_logo_1200x630.png\" \/>\n\t<meta property=\"og:image:width\" content=\"1200\" \/>\n\t<meta property=\"og:image:height\" content=\"630\" \/>\n\t<meta property=\"og:image:type\" content=\"image\/png\" \/>\n<meta name=\"twitter:card\" content=\"summary_large_image\" \/>\n<meta name=\"twitter:label1\" content=\"Gesch\u00e4tzte Lesezeit\" \/>\n\t<meta name=\"twitter:data1\" content=\"1\u00a0Minute\" \/>\n<script type=\"application\/ld+json\" class=\"yoast-schema-graph\">{\"@context\":\"https:\/\/schema.org\",\"@graph\":[{\"@type\":\"WebPage\",\"@id\":\"https:\/\/massageroyal.gr\/de\/kontakt\/\",\"url\":\"https:\/\/massageroyal.gr\/de\/kontakt\/\",\"name\":\"Kontakt f\u00fcr Massage Hause MASSAGE ROYAL |\",\"isPartOf\":{\"@id\":\"https:\/\/massageroyal.gr\/de\/#website\"},\"datePublished\":\"2018-05-21T03:52:13+00:00\",\"dateModified\":\"2024-02-23T11:27:33+00:00\",\"description\":\"Kontakt f\u00fcr Massage zu Hause. Sie haben Fragen zur Heimmassage? Kontaktieren Sie Massage Royal, um Ihre Fragen zu beantworten\",\"breadcrumb\":{\"@id\":\"https:\/\/massageroyal.gr\/de\/kontakt\/#breadcrumb\"},\"inLanguage\":\"de\",\"potentialAction\":[{\"@type\":\"ReadAction\",\"target\":[\"https:\/\/massageroyal.gr\/de\/kontakt\/\"]}]},{\"@type\":\"BreadcrumbList\",\"@id\":\"https:\/\/massageroyal.gr\/de\/kontakt\/#breadcrumb\",\"itemListElement\":[{\"@type\":\"ListItem\",\"position\":1,\"name\":\"Home\",\"item\":\"https:\/\/massageroyal.gr\/de\/\"},{\"@type\":\"ListItem\",\"position\":2,\"name\":\"Kontakt\"}]},{\"@type\":\"WebSite\",\"@id\":\"https:\/\/massageroyal.gr\/de\/#website\",\"url\":\"https:\/\/massageroyal.gr\/de\/\",\"name\":\"MASSAGE ROYAL\",\"description\":\"\u03a7\u03b1\u03bb\u03b1\u03c1\u03c9\u03c4\u03b9\u03ba\u03cc \u03bc\u03b1\u03c3\u03ac\u03b6 \u03c3\u03c4\u03bf \u03c3\u03c0\u03af\u03c4\u03b9 - \u039c\u03b1\u03c3\u03ac\u03b6 \u03ba\u03b1\u03c4\u2019 \u03bf\u03af\u03ba\u03bf\u03bd | \u0391\u03b8\u03ae\u03bd\u03b1, \u03a0\u03b5\u03b9\u03c1\u03b1\u03b9\u03ac\u03c2, \u039c\u03cd\u03ba\u03bf\u03bd\u03bf\u03c2, \u0398\u03b5\u03c3\u03c3\u03b1\u03bb\u03bf\u03bd\u03af\u03ba\u03b7\",\"publisher\":{\"@id\":\"https:\/\/massageroyal.gr\/de\/#organization\"},\"potentialAction\":[{\"@type\":\"SearchAction\",\"target\":{\"@type\":\"EntryPoint\",\"urlTemplate\":\"https:\/\/massageroyal.gr\/de\/?s={search_term_string}\"},\"query-input\":{\"@type\":\"PropertyValueSpecification\",\"valueRequired\":true,\"valueName\":\"search_term_string\"}}],\"inLanguage\":\"de\"},{\"@type\":\"Organization\",\"@id\":\"https:\/\/massageroyal.gr\/de\/#organization\",\"name\":\"Massage Royal\",\"url\":\"https:\/\/massageroyal.gr\/de\/\",\"logo\":{\"@type\":\"ImageObject\",\"inLanguage\":\"de\",\"@id\":\"https:\/\/massageroyal.gr\/de\/#\/schema\/logo\/image\/\",\"url\":\"https:\/\/massageroyal.gr\/wp-content\/uploads\/2022\/07\/mr-foot-logo.png\",\"contentUrl\":\"https:\/\/massageroyal.gr\/wp-content\/uploads\/2022\/07\/mr-foot-logo.png\",\"width\":280,\"height\":95,\"caption\":\"Massage Royal\"},\"image\":{\"@id\":\"https:\/\/massageroyal.gr\/de\/#\/schema\/logo\/image\/\"},\"sameAs\":[\"https:\/\/www.facebook.com\/massageroyals\",\"https:\/\/www.instagram.com\/massageroyals\/\"]}]}<\/script>\n<!-- \/ Yoast SEO plugin. -->","yoast_head_json":{"title":"Kontakt f\u00fcr Massage Hause MASSAGE ROYAL |","description":"Kontakt f\u00fcr Massage zu Hause. Sie haben Fragen zur Heimmassage? Kontaktieren Sie Massage Royal, um Ihre Fragen zu beantworten","robots":{"index":"index","follow":"follow","max-snippet":"max-snippet:-1","max-image-preview":"max-image-preview:large","max-video-preview":"max-video-preview:-1"},"canonical":"https:\/\/massageroyal.gr\/de\/kontakt\/","og_locale":"de_DE","og_type":"article","og_title":"Kontakt f\u00fcr Massage Hause MASSAGE ROYAL |","og_description":"Kontakt f\u00fcr Massage zu Hause. Sie haben Fragen zur Heimmassage? Kontaktieren Sie Massage Royal, um Ihre Fragen zu beantworten","og_url":"https:\/\/massageroyal.gr\/de\/kontakt\/","og_site_name":"MASSAGE ROYAL","article_publisher":"https:\/\/www.facebook.com\/massageroyals","article_modified_time":"2024-02-23T11:27:33+00:00","og_image":[{"width":1200,"height":630,"url":"https:\/\/massageroyal.gr\/wp-content\/uploads\/2022\/07\/massage_royal_social_logo_1200x630.png","type":"image\/png"}],"twitter_card":"summary_large_image","twitter_misc":{"Gesch\u00e4tzte Lesezeit":"1\u00a0Minute"},"schema":{"@context":"https:\/\/schema.org","@graph":[{"@type":"WebPage","@id":"https:\/\/massageroyal.gr\/de\/kontakt\/","url":"https:\/\/massageroyal.gr\/de\/kontakt\/","name":"Kontakt f\u00fcr Massage Hause MASSAGE ROYAL |","isPartOf":{"@id":"https:\/\/massageroyal.gr\/de\/#website"},"datePublished":"2018-05-21T03:52:13+00:00","dateModified":"2024-02-23T11:27:33+00:00","description":"Kontakt f\u00fcr Massage zu Hause. Sie haben Fragen zur Heimmassage? Kontaktieren Sie Massage Royal, um Ihre Fragen zu beantworten","breadcrumb":{"@id":"https:\/\/massageroyal.gr\/de\/kontakt\/#breadcrumb"},"inLanguage":"de","potentialAction":[{"@type":"ReadAction","target":["https:\/\/massageroyal.gr\/de\/kontakt\/"]}]},{"@type":"BreadcrumbList","@id":"https:\/\/massageroyal.gr\/de\/kontakt\/#breadcrumb","itemListElement":[{"@type":"ListItem","position":1,"name":"Home","item":"https:\/\/massageroyal.gr\/de\/"},{"@type":"ListItem","position":2,"name":"Kontakt"}]},{"@type":"WebSite","@id":"https:\/\/massageroyal.gr\/de\/#website","url":"https:\/\/massageroyal.gr\/de\/","name":"MASSAGE ROYAL","description":"\u03a7\u03b1\u03bb\u03b1\u03c1\u03c9\u03c4\u03b9\u03ba\u03cc \u03bc\u03b1\u03c3\u03ac\u03b6 \u03c3\u03c4\u03bf \u03c3\u03c0\u03af\u03c4\u03b9 - \u039c\u03b1\u03c3\u03ac\u03b6 \u03ba\u03b1\u03c4\u2019 \u03bf\u03af\u03ba\u03bf\u03bd | \u0391\u03b8\u03ae\u03bd\u03b1, \u03a0\u03b5\u03b9\u03c1\u03b1\u03b9\u03ac\u03c2, \u039c\u03cd\u03ba\u03bf\u03bd\u03bf\u03c2, \u0398\u03b5\u03c3\u03c3\u03b1\u03bb\u03bf\u03bd\u03af\u03ba\u03b7","publisher":{"@id":"https:\/\/massageroyal.gr\/de\/#organization"},"potentialAction":[{"@type":"SearchAction","target":{"@type":"EntryPoint","urlTemplate":"https:\/\/massageroyal.gr\/de\/?s={search_term_string}"},"query-input":{"@type":"PropertyValueSpecification","valueRequired":true,"valueName":"search_term_string"}}],"inLanguage":"de"},{"@type":"Organization","@id":"https:\/\/massageroyal.gr\/de\/#organization","name":"Massage Royal","url":"https:\/\/massageroyal.gr\/de\/","logo":{"@type":"ImageObject","inLanguage":"de","@id":"https:\/\/massageroyal.gr\/de\/#\/schema\/logo\/image\/","url":"https:\/\/massageroyal.gr\/wp-content\/uploads\/2022\/07\/mr-foot-logo.png","contentUrl":"https:\/\/massageroyal.gr\/wp-content\/uploads\/2022\/07\/mr-foot-logo.png","width":280,"height":95,"caption":"Massage Royal"},"image":{"@id":"https:\/\/massageroyal.gr\/de\/#\/schema\/logo\/image\/"},"sameAs":["https:\/\/www.facebook.com\/massageroyals","https:\/\/www.instagram.com\/massageroyals\/"]}]}},"_links":{"self":[{"href":"https:\/\/massageroyal.gr\/de\/wp-json\/wp\/v2\/pages\/7766","targetHints":{"allow":["GET"]}}],"collection":[{"href":"https:\/\/massageroyal.gr\/de\/wp-json\/wp\/v2\/pages"}],"about":[{"href":"https:\/\/massageroyal.gr\/de\/wp-json\/wp\/v2\/types\/page"}],"author":[{"embeddable":true,"href":"https:\/\/massageroyal.gr\/de\/wp-json\/wp\/v2\/users\/1"}],"replies":[{"embeddable":true,"href":"https:\/\/massageroyal.gr\/de\/wp-json\/wp\/v2\/comments?post=7766"}],"version-history":[{"count":5,"href":"https:\/\/massageroyal.gr\/de\/wp-json\/wp\/v2\/pages\/7766\/revisions"}],"predecessor-version":[{"id":7892,"href":"https:\/\/massageroyal.gr\/de\/wp-json\/wp\/v2\/pages\/7766\/revisions\/7892"}],"wp:attachment":[{"href":"https:\/\/massageroyal.gr\/de\/wp-json\/wp\/v2\/media?parent=7766"}],"curies":[{"name":"wp","href":"https:\/\/api.w.org\/{rel}","templated":true}]}}