{"id":8071,"date":"2018-07-20T07:33:57","date_gmt":"2018-07-20T04:33:57","guid":{"rendered":"https:\/\/massageroyal.gr\/arbeiten-sie-mit-uns\/"},"modified":"2024-09-27T16:02:49","modified_gmt":"2024-09-27T13:02:49","slug":"arbeiten-sie-mit-uns","status":"publish","type":"page","link":"https:\/\/massageroyal.gr\/de\/arbeiten-sie-mit-uns\/","title":{"rendered":"Arbeiten Sie mit uns"},"content":{"rendered":"<div class=\"wpb-content-wrapper\"><p>[vc_section css=&#8221;.vc_custom_1657555411190{padding-top: 90px !important;}&#8221;][vc_row][vc_column][vc_custom_heading text=&#8221;ARBEITEN SIE MIT UNS&#8221; font_container=&#8221;tag:h2|font_size:40|text_align:center|color:%23404040|line_height:50px&#8221; use_theme_fonts=&#8221;yes&#8221; custom_letter_spacing=&#8221;0.6px&#8221; el_class=&#8221;bt-tt_2-lmm&#8221;][\/vc_column][\/vc_row][vc_row][vc_column][vc_column_text]<\/p>\n<p style=\"text-align: center;\">Wir laden Sie ein, mit uns zusammenzuarbeiten, da wir stets an unsere guten Partner glauben und in sie investieren.<br \/>\nEs ist eine gro\u00dfartige Gelegenheit, Ihre Tr\u00e4ume wahr werden zu lassen.[\/vc_column_text][vc_single_image image=&#8221;4245&#8243; alignment=&#8221;center&#8221;][\/vc_column][\/vc_row][\/vc_section][vc_section][vc_row css=&#8221;.vc_custom_1658309438684{padding-right: 40px !important;padding-left: 40px !important;}&#8221;][vc_column][vc_column_text]<span style=\"font-family: verdana, sans-serif;\">Um seinen Bedarf zu decken und zu bedienen, wird das Unternehmen <b>MASSAGE ROYAL<\/b> ab sofort und in der Reihenfolge der Priorit\u00e4t geeignete Personen f\u00fcr Heimdienste im Bereich therapeutische Massage und alternative Therapien einstellen. Wir suchen Frauen im Alter zwischen 20 und 35 Jahren, die als Masseurinnen (Masseurinnen, Massagetherapeutinnen) arbeiten m\u00f6chten.  <\/span><\/p>\n<p><strong><span style=\"font-family: verdana, sans-serif;\">Wenn Sie keine Kenntnisse haben, bieten wir kostenlose Schulungsseminare an!<\/span><\/strong><\/p>\n<p>&nbsp;<\/p>\n<p><span style=\"font-family: verdana, sans-serif;\"><b>Arbeitsbedingungen:<\/b> Die Arbeit erfolgt ausschlie\u00dflich beim Kunden (wir bieten keine Massagen in unserem eigenen Wellnessbereich an). Stabile, dauerhafte Zusammenarbeit mit einem bereits bestehenden gro\u00dfen, hochwertigen griechischen und ausl\u00e4ndischen Kundenstamm. Voll- oder Teilzeitarbeit m\u00f6glich. Hohe L\u00f6hne, Zahlung am selben Tag (Monatsl\u00f6hne beginnen bei 2000 Euro und mehr).   <\/span><\/p>\n<p>&nbsp;<\/p>\n<p><span style=\"font-family: verdana, sans-serif;\"><b>Aufgaben:<\/b> Massagetherapeuten bieten entspannende Massagesitzungen oder alternative Therapien zu Hause (zu Hause), an Bord, am Arbeitsplatz und in Hotels an. <\/span><\/p>\n<p>&nbsp;<\/p>\n<ul>\n<li><span style=\"font-family: verdana, sans-serif;\">Wenn Sie Leidenschaft und Lust auf die Arbeit mitbringen.<br \/>\n<\/span><\/li>\n<\/ul>\n<ul>\n<li><span style=\"font-family: verdana, sans-serif;\">Wenn Sie auf der Suche nach einem angenehmen Arbeitsumfeld mit der Aussicht auf tolle finanzielle Verg\u00fctungen, Geschenke, Pr\u00e4mien und andere Verg\u00fcnstigungen sind.<br \/>\n<\/span><\/li>\n<\/ul>\n<ul>\n<li><span style=\"font-family: verdana, sans-serif;\">Wenn Sie einen guten, stabilen Tageslohn mit der M\u00f6glichkeit flexibler Arbeitszeiten w\u00fcnschen, wann und wo die Gr\u00fcnde daf\u00fcr gegeben sind.<\/span><\/li>\n<\/ul>\n<ul>\n<li><span style=\"font-family: verdana, sans-serif;\">Wenn Sie Ihre Tr\u00e4ume verwirklichen und ihnen eine angenehme Realit\u00e4t verleihen m\u00f6chten, sorgen Sie f\u00fcr einen festen Arbeitsplatz und gutes t\u00e4gliches Einkommen (t\u00e4gliche Zahlungen). <\/span><\/li>\n<\/ul>\n<div><\/div>\n<p>&nbsp;<\/p>\n<p><em><span style=\"font-family: verdana, sans-serif;\">Dann laden wir Sie ein, bei uns zu arbeiten!<br \/>\n<\/span><span style=\"font-family: verdana, sans-serif;\">Kontaktieren Sie uns unter <strong>6993120162<\/strong> und <strong>6906236528<\/strong> oder f\u00fcllen Sie das untenstehende Kontaktformular aus.<\/span><\/em>[\/vc_column_text][vc_custom_heading text=&#8221;In ganz Griechenland werden Mitarbeiter gesucht.&#8221; font_container=&#8221;tag:h4|font_size:22|text_align:center|color:%23e25134|line_height:20px&#8221; use_theme_fonts=&#8221;yes&#8221; custom_letter_spacing=&#8221;0.6px&#8221; el_class=&#8221;bt-tt_2-lmm&#8221;][\/vc_column][\/vc_row][\/vc_section][vc_section css=&#8221;.vc_custom_1657364393128{padding-top: 50px !important;}&#8221;][vc_row][vc_column][vc_custom_heading text=&#8221;Kontaktformular f\u00fcr die Arbeit&#8221; font_container=&#8221;tag:h3|text_align:center|color:%23404040&#8243; use_theme_fonts=&#8221;yes&#8221; css=&#8221;.vc_custom_1658309784224{padding-top: 50px !important;padding-bottom: 20px !important;}&#8221; custom_letter_spacing=&#8221;0.6px&#8221; el_class=&#8221;bt-tt_2-lmm&#8221;][vc_column_text]<\/p>\n<p style=\"text-align: center;\">Wenn Sie daran interessiert sind, f\u00fcr Massage Royal zu arbeiten, f\u00fcllen Sie das untenstehende Formular aus oder kontaktieren Sie uns telefonisch<\/p>\n<p>[\/vc_column_text][vc_single_image image=&#8221;4245&#8243; alignment=&#8221;center&#8221;][\/vc_column][\/vc_row][vc_row css=&#8221;.vc_custom_1575519672500{padding-top: 0px !important;}&#8221;][vc_column]\n<div class=\"wpcf7 no-js\" id=\"wpcf7-f6429-o1\" lang=\"en-US\" dir=\"ltr\" data-wpcf7-id=\"6429\">\n<div class=\"screen-reader-response\"><p role=\"status\" aria-live=\"polite\" aria-atomic=\"true\"><\/p> <ul><\/ul><\/div>\n<form action=\"\/de\/wp-json\/wp\/v2\/pages\/8071#wpcf7-f6429-o1\" method=\"post\" class=\"wpcf7-form init\" aria-label=\"Contact form\" enctype=\"multipart\/form-data\" novalidate=\"novalidate\" data-status=\"init\">\n<fieldset class=\"hidden-fields-container\"><input type=\"hidden\" name=\"_wpcf7\" value=\"6429\" \/><input type=\"hidden\" name=\"_wpcf7_version\" value=\"6.1.5\" \/><input type=\"hidden\" name=\"_wpcf7_locale\" value=\"en_US\" \/><input type=\"hidden\" name=\"_wpcf7_unit_tag\" value=\"wpcf7-f6429-o1\" \/><input type=\"hidden\" name=\"_wpcf7_container_post\" value=\"0\" \/><input type=\"hidden\" name=\"_wpcf7_posted_data_hash\" value=\"\" \/><input type=\"hidden\" name=\"_wpcf7_recaptcha_response\" value=\"\" \/>\n<\/fieldset>\n<div class=\"bt-contact-form1\">\n\t<p><span class=\"wpcf7-form-control-wrap\" data-name=\"text-318\"><input size=\"40\" maxlength=\"400\" class=\"wpcf7-form-control wpcf7-text wpcf7-validates-as-required bt-your-name\" id=\"bt_your_name\" aria-required=\"true\" aria-invalid=\"false\" placeholder=\"Your First and Last Name\" value=\"\" type=\"text\" name=\"text-318\" \/><\/span><br \/>\n<span class=\"wpcf7-form-control-wrap\" data-name=\"tel-363\"><input size=\"40\" maxlength=\"400\" class=\"wpcf7-form-control wpcf7-tel wpcf7-validates-as-required wpcf7-text wpcf7-validates-as-tel bt-your-tel\" id=\"bt_your_tel\" aria-required=\"true\" aria-invalid=\"false\" placeholder=\"Your Mobile Phone\" value=\"\" type=\"tel\" name=\"tel-363\" \/><\/span><br \/>\n<span class=\"wpcf7-form-control-wrap\" data-name=\"email-580\"><input size=\"40\" maxlength=\"400\" class=\"wpcf7-form-control wpcf7-email wpcf7-validates-as-required wpcf7-text wpcf7-validates-as-email bt-email-address\" id=\"bt_email_address\" aria-required=\"true\" aria-invalid=\"false\" placeholder=\"Your Email\" value=\"\" type=\"email\" name=\"email-580\" \/><\/span><br \/>\n<span class=\"wpcf7-form-control-wrap\" data-name=\"text-150\"><input size=\"40\" maxlength=\"400\" class=\"wpcf7-form-control wpcf7-text wpcf7-validates-as-required bt-your-area\" id=\"bt_your_area\" aria-required=\"true\" aria-invalid=\"false\" placeholder=\"Region\" value=\"\" type=\"text\" name=\"text-150\" \/><\/span><br \/>\n<span class=\"wpcf7-form-control-wrap\" data-name=\"text-150\"><input size=\"40\" maxlength=\"400\" class=\"wpcf7-form-control wpcf7-text wpcf7-validates-as-required bt-your-age\" id=\"bt_your_age\" aria-required=\"true\" aria-invalid=\"false\" placeholder=\"Your Age\" value=\"\" type=\"text\" name=\"text-150\" \/><\/span>\n\t<\/p>\n\t<div class=\"col-xs-6\">\n\t\t<p><span>Attach your resume (optional)<\/span>\n\t\t<\/p>\n\t<\/div>\n\t<div class=\"col-xs-6\">\n\t\t<p><span class=\"wpcf7-form-control-wrap\" data-name=\"file-557\"><input size=\"40\" class=\"wpcf7-form-control wpcf7-file bt-your-file\" id=\"bt_your_file\" accept=\"audio\/*,video\/*,image\/*\" aria-invalid=\"false\" type=\"file\" name=\"file-557\" \/><\/span>\n\t\t<\/p>\n\t<\/div>\n\t<p><span class=\"wpcf7-form-control-wrap\" data-name=\"textarea-848\"><textarea cols=\"40\" rows=\"10\" maxlength=\"2000\" class=\"wpcf7-form-control wpcf7-textarea bt-description\" id=\"bt_description\" aria-invalid=\"false\" placeholder=\"Description\" name=\"textarea-848\"><\/textarea><\/span><br \/>\n<input class=\"wpcf7-form-control wpcf7-submit has-spinner bt-submit\" id=\"bt_submit\" type=\"submit\" value=\"SEND\" \/>\n\t<\/p>\n<\/div><div class=\"wpcf7-response-output\" aria-hidden=\"true\"><\/div>\n<\/form>\n<\/div>\n[vc_empty_space height=&#8221;60px&#8221;][\/vc_column][\/vc_row][\/vc_section][vc_section full_width=&#8221;stretch_row&#8221; css=&#8221;.vc_custom_1657549535343{padding-top: 60px !important;padding-bottom: 40px !important;background-image: url(https:\/\/massageroyal.gr\/wp-content\/uploads\/2022\/07\/bg-bot-3.jpg?id=6338) !important;background-position: center !important;background-repeat: no-repeat !important;background-size: cover !important;}&#8221;][vc_row][vc_column][vc_custom_heading text=&#8221;ATHEN, PIR\u00c4US, MYKONOS, THESSALONIKI&#8221; font_container=&#8221;tag:h4|font_size:19|text_align:center|color:%23ffffff|line_height:22px&#8221; use_theme_fonts=&#8221;yes&#8221; custom_letter_spacing=&#8221;0.6px&#8221;][vc_custom_heading text=&#8221;MASSAGE ZU HAUSE, HOTEL, B\u00dcRO, BOOT, BACHELOR&#8221; font_container=&#8221;tag:h5|font_size:18|text_align:center|color:%23e0dfb5|line_height:30px&#8221; use_theme_fonts=&#8221;yes&#8221; custom_letter_spacing=&#8221;0.6px&#8221;][vc_single_image image=&#8221;6498&#8243; img_size=&#8221;full&#8221; alignment=&#8221;center&#8221; el_class=&#8221;bt-beauty&#8221;][vc_custom_heading text=&#8221;WIR HABEN T\u00c4GLICH GE\u00d6FFNET&#8221; font_container=&#8221;tag:h2|font_size:45|text_align:center|color:%23ffffff|line_height:50px&#8221; use_theme_fonts=&#8221;yes&#8221; css=&#8221;&#8221; custom_letter_spacing=&#8221;0.6px&#8221; el_class=&#8221;bt-tt_1-lmm&#8221;][vc_custom_heading text=&#8221;von 12:30 Uhr morgens bis 00:30 Uhr nach Mitternacht.&#8221; font_container=&#8221;tag:h6|font_size:23|text_align:center|color:%233a3a3a|line_height:25px&#8221; use_theme_fonts=&#8221;yes&#8221; custom_letter_spacing=&#8221;0.2px&#8221; el_class=&#8221;bt-sub-newlester-lmm&#8221;][\/vc_column][\/vc_row][vc_row][vc_column width=&#8221;1\/2&#8243;][vc_custom_heading text=&#8221;+30 690 623 6528&#8243; font_container=&#8221;tag:h2|font_size:32|text_align:center|color:%23000000|line_height:25px&#8221; use_theme_fonts=&#8221;yes&#8221; el_class=&#8221;bt-tt_1-lmm&#8221; link=&#8221;url:tel%3A%2B306906236528|&#8221;][\/vc_column][vc_column width=&#8221;1\/2&#8243;][vc_custom_heading text=&#8221;+30 699 312 0162&#8243; font_container=&#8221;tag:h2|font_size:32|text_align:center|color:%23000000|line_height:25px&#8221; use_theme_fonts=&#8221;yes&#8221; el_class=&#8221;bt-tt_1-lmm&#8221; link=&#8221;url:tel%3A%2B306993120162|&#8221;][\/vc_column][\/vc_row][vc_row][vc_column][vc_empty_space height=&#8221;20px&#8221;][\/vc_column][\/vc_row][\/vc_section]<\/p>\n<\/div>","protected":false},"excerpt":{"rendered":"<p>[vc_section css=&#8221;.vc_custom_1657555411190{padding-top: 90px !important;}&#8221;][vc_row][vc_column][vc_custom_heading text=&#8221;ARBEITEN SIE MIT UNS&#8221; font_container=&#8221;tag:h2|font_size:40|text_align:center|color:%23404040|line_height:50px&#8221; use_theme_fonts=&#8221;yes&#8221; custom_letter_spacing=&#8221;0.6px&#8221; el_class=&#8221;bt-tt_2-lmm&#8221;][\/vc_column][\/vc_row][vc_row][vc_column][vc_column_text] Wir laden Sie ein, mit uns zusammenzuarbeiten, da&hellip;<\/p>\n","protected":false},"author":1,"featured_media":0,"parent":0,"menu_order":0,"comment_status":"closed","ping_status":"closed","template":"","meta":{"_acf_changed":false,"footnotes":""},"class_list":["post-8071","page","type-page","status-publish","hentry"],"acf":[],"yoast_head":"<!-- This site is optimized with the Yoast SEO plugin v27.0 - https:\/\/yoast.com\/product\/yoast-seo-wordpress\/ -->\n<title>Arbeiten Sie bei uns als mobiler Masseur MASSAGE ROYAL |<\/title>\n<meta name=\"description\" content=\"Arbeiten Sie bei uns als Massagetherapeutin zu Hause. Wenn Sie daran interessiert sind, als professionelle Masseurin f\u00fcr Massage Royal zu arbeiten, kontaktieren Sie uns bitte\" \/>\n<meta name=\"robots\" content=\"index, follow, max-snippet:-1, max-image-preview:large, max-video-preview:-1\" \/>\n<link rel=\"canonical\" href=\"https:\/\/massageroyal.gr\/de\/arbeiten-sie-mit-uns\/\" \/>\n<meta property=\"og:locale\" content=\"de_DE\" \/>\n<meta property=\"og:type\" content=\"article\" \/>\n<meta property=\"og:title\" content=\"Arbeiten Sie bei uns als mobiler Masseur MASSAGE ROYAL |\" \/>\n<meta property=\"og:description\" content=\"Arbeiten Sie bei uns als Massagetherapeutin zu Hause. Wenn Sie daran interessiert sind, als professionelle Masseurin f\u00fcr Massage Royal zu arbeiten, kontaktieren Sie uns bitte\" \/>\n<meta property=\"og:url\" content=\"https:\/\/massageroyal.gr\/de\/arbeiten-sie-mit-uns\/\" \/>\n<meta property=\"og:site_name\" content=\"MASSAGE ROYAL\" \/>\n<meta property=\"article:publisher\" content=\"https:\/\/www.facebook.com\/massageroyals\" \/>\n<meta property=\"article:modified_time\" content=\"2024-09-27T13:02:49+00:00\" \/>\n<meta property=\"og:image\" content=\"https:\/\/massageroyal.gr\/wp-content\/uploads\/2022\/07\/massage_royal_social_logo_1200x630.png\" \/>\n\t<meta property=\"og:image:width\" content=\"1200\" \/>\n\t<meta property=\"og:image:height\" content=\"630\" \/>\n\t<meta property=\"og:image:type\" content=\"image\/png\" \/>\n<meta name=\"twitter:card\" content=\"summary_large_image\" \/>\n<meta name=\"twitter:label1\" content=\"Gesch\u00e4tzte Lesezeit\" \/>\n\t<meta name=\"twitter:data1\" content=\"4\u00a0Minuten\" \/>\n<script type=\"application\/ld+json\" class=\"yoast-schema-graph\">{\"@context\":\"https:\/\/schema.org\",\"@graph\":[{\"@type\":\"WebPage\",\"@id\":\"https:\/\/massageroyal.gr\/de\/arbeiten-sie-mit-uns\/\",\"url\":\"https:\/\/massageroyal.gr\/de\/arbeiten-sie-mit-uns\/\",\"name\":\"Arbeiten Sie bei uns als mobiler Masseur MASSAGE ROYAL |\",\"isPartOf\":{\"@id\":\"https:\/\/massageroyal.gr\/de\/#website\"},\"datePublished\":\"2018-07-20T04:33:57+00:00\",\"dateModified\":\"2024-09-27T13:02:49+00:00\",\"description\":\"Arbeiten Sie bei uns als Massagetherapeutin zu Hause. Wenn Sie daran interessiert sind, als professionelle Masseurin f\u00fcr Massage Royal zu arbeiten, kontaktieren Sie uns bitte\",\"breadcrumb\":{\"@id\":\"https:\/\/massageroyal.gr\/de\/arbeiten-sie-mit-uns\/#breadcrumb\"},\"inLanguage\":\"de\",\"potentialAction\":[{\"@type\":\"ReadAction\",\"target\":[\"https:\/\/massageroyal.gr\/de\/arbeiten-sie-mit-uns\/\"]}]},{\"@type\":\"BreadcrumbList\",\"@id\":\"https:\/\/massageroyal.gr\/de\/arbeiten-sie-mit-uns\/#breadcrumb\",\"itemListElement\":[{\"@type\":\"ListItem\",\"position\":1,\"name\":\"Home\",\"item\":\"https:\/\/massageroyal.gr\/de\/\"},{\"@type\":\"ListItem\",\"position\":2,\"name\":\"Arbeiten Sie mit uns\"}]},{\"@type\":\"WebSite\",\"@id\":\"https:\/\/massageroyal.gr\/de\/#website\",\"url\":\"https:\/\/massageroyal.gr\/de\/\",\"name\":\"MASSAGE ROYAL\",\"description\":\"\u03a7\u03b1\u03bb\u03b1\u03c1\u03c9\u03c4\u03b9\u03ba\u03cc \u03bc\u03b1\u03c3\u03ac\u03b6 \u03c3\u03c4\u03bf \u03c3\u03c0\u03af\u03c4\u03b9 - \u039c\u03b1\u03c3\u03ac\u03b6 \u03ba\u03b1\u03c4\u2019 \u03bf\u03af\u03ba\u03bf\u03bd | \u0391\u03b8\u03ae\u03bd\u03b1, \u03a0\u03b5\u03b9\u03c1\u03b1\u03b9\u03ac\u03c2, \u039c\u03cd\u03ba\u03bf\u03bd\u03bf\u03c2, \u0398\u03b5\u03c3\u03c3\u03b1\u03bb\u03bf\u03bd\u03af\u03ba\u03b7\",\"publisher\":{\"@id\":\"https:\/\/massageroyal.gr\/de\/#organization\"},\"potentialAction\":[{\"@type\":\"SearchAction\",\"target\":{\"@type\":\"EntryPoint\",\"urlTemplate\":\"https:\/\/massageroyal.gr\/de\/?s={search_term_string}\"},\"query-input\":{\"@type\":\"PropertyValueSpecification\",\"valueRequired\":true,\"valueName\":\"search_term_string\"}}],\"inLanguage\":\"de\"},{\"@type\":\"Organization\",\"@id\":\"https:\/\/massageroyal.gr\/de\/#organization\",\"name\":\"Massage Royal\",\"url\":\"https:\/\/massageroyal.gr\/de\/\",\"logo\":{\"@type\":\"ImageObject\",\"inLanguage\":\"de\",\"@id\":\"https:\/\/massageroyal.gr\/de\/#\/schema\/logo\/image\/\",\"url\":\"https:\/\/massageroyal.gr\/wp-content\/uploads\/2022\/07\/mr-foot-logo.png\",\"contentUrl\":\"https:\/\/massageroyal.gr\/wp-content\/uploads\/2022\/07\/mr-foot-logo.png\",\"width\":280,\"height\":95,\"caption\":\"Massage Royal\"},\"image\":{\"@id\":\"https:\/\/massageroyal.gr\/de\/#\/schema\/logo\/image\/\"},\"sameAs\":[\"https:\/\/www.facebook.com\/massageroyals\",\"https:\/\/www.instagram.com\/massageroyals\/\"]}]}<\/script>\n<!-- \/ Yoast SEO plugin. -->","yoast_head_json":{"title":"Arbeiten Sie bei uns als mobiler Masseur MASSAGE ROYAL |","description":"Arbeiten Sie bei uns als Massagetherapeutin zu Hause. Wenn Sie daran interessiert sind, als professionelle Masseurin f\u00fcr Massage Royal zu arbeiten, kontaktieren Sie uns bitte","robots":{"index":"index","follow":"follow","max-snippet":"max-snippet:-1","max-image-preview":"max-image-preview:large","max-video-preview":"max-video-preview:-1"},"canonical":"https:\/\/massageroyal.gr\/de\/arbeiten-sie-mit-uns\/","og_locale":"de_DE","og_type":"article","og_title":"Arbeiten Sie bei uns als mobiler Masseur MASSAGE ROYAL |","og_description":"Arbeiten Sie bei uns als Massagetherapeutin zu Hause. Wenn Sie daran interessiert sind, als professionelle Masseurin f\u00fcr Massage Royal zu arbeiten, kontaktieren Sie uns bitte","og_url":"https:\/\/massageroyal.gr\/de\/arbeiten-sie-mit-uns\/","og_site_name":"MASSAGE ROYAL","article_publisher":"https:\/\/www.facebook.com\/massageroyals","article_modified_time":"2024-09-27T13:02:49+00:00","og_image":[{"width":1200,"height":630,"url":"https:\/\/massageroyal.gr\/wp-content\/uploads\/2022\/07\/massage_royal_social_logo_1200x630.png","type":"image\/png"}],"twitter_card":"summary_large_image","twitter_misc":{"Gesch\u00e4tzte Lesezeit":"4\u00a0Minuten"},"schema":{"@context":"https:\/\/schema.org","@graph":[{"@type":"WebPage","@id":"https:\/\/massageroyal.gr\/de\/arbeiten-sie-mit-uns\/","url":"https:\/\/massageroyal.gr\/de\/arbeiten-sie-mit-uns\/","name":"Arbeiten Sie bei uns als mobiler Masseur MASSAGE ROYAL |","isPartOf":{"@id":"https:\/\/massageroyal.gr\/de\/#website"},"datePublished":"2018-07-20T04:33:57+00:00","dateModified":"2024-09-27T13:02:49+00:00","description":"Arbeiten Sie bei uns als Massagetherapeutin zu Hause. Wenn Sie daran interessiert sind, als professionelle Masseurin f\u00fcr Massage Royal zu arbeiten, kontaktieren Sie uns bitte","breadcrumb":{"@id":"https:\/\/massageroyal.gr\/de\/arbeiten-sie-mit-uns\/#breadcrumb"},"inLanguage":"de","potentialAction":[{"@type":"ReadAction","target":["https:\/\/massageroyal.gr\/de\/arbeiten-sie-mit-uns\/"]}]},{"@type":"BreadcrumbList","@id":"https:\/\/massageroyal.gr\/de\/arbeiten-sie-mit-uns\/#breadcrumb","itemListElement":[{"@type":"ListItem","position":1,"name":"Home","item":"https:\/\/massageroyal.gr\/de\/"},{"@type":"ListItem","position":2,"name":"Arbeiten Sie mit uns"}]},{"@type":"WebSite","@id":"https:\/\/massageroyal.gr\/de\/#website","url":"https:\/\/massageroyal.gr\/de\/","name":"MASSAGE ROYAL","description":"\u03a7\u03b1\u03bb\u03b1\u03c1\u03c9\u03c4\u03b9\u03ba\u03cc \u03bc\u03b1\u03c3\u03ac\u03b6 \u03c3\u03c4\u03bf \u03c3\u03c0\u03af\u03c4\u03b9 - \u039c\u03b1\u03c3\u03ac\u03b6 \u03ba\u03b1\u03c4\u2019 \u03bf\u03af\u03ba\u03bf\u03bd | \u0391\u03b8\u03ae\u03bd\u03b1, \u03a0\u03b5\u03b9\u03c1\u03b1\u03b9\u03ac\u03c2, \u039c\u03cd\u03ba\u03bf\u03bd\u03bf\u03c2, \u0398\u03b5\u03c3\u03c3\u03b1\u03bb\u03bf\u03bd\u03af\u03ba\u03b7","publisher":{"@id":"https:\/\/massageroyal.gr\/de\/#organization"},"potentialAction":[{"@type":"SearchAction","target":{"@type":"EntryPoint","urlTemplate":"https:\/\/massageroyal.gr\/de\/?s={search_term_string}"},"query-input":{"@type":"PropertyValueSpecification","valueRequired":true,"valueName":"search_term_string"}}],"inLanguage":"de"},{"@type":"Organization","@id":"https:\/\/massageroyal.gr\/de\/#organization","name":"Massage Royal","url":"https:\/\/massageroyal.gr\/de\/","logo":{"@type":"ImageObject","inLanguage":"de","@id":"https:\/\/massageroyal.gr\/de\/#\/schema\/logo\/image\/","url":"https:\/\/massageroyal.gr\/wp-content\/uploads\/2022\/07\/mr-foot-logo.png","contentUrl":"https:\/\/massageroyal.gr\/wp-content\/uploads\/2022\/07\/mr-foot-logo.png","width":280,"height":95,"caption":"Massage Royal"},"image":{"@id":"https:\/\/massageroyal.gr\/de\/#\/schema\/logo\/image\/"},"sameAs":["https:\/\/www.facebook.com\/massageroyals","https:\/\/www.instagram.com\/massageroyals\/"]}]}},"_links":{"self":[{"href":"https:\/\/massageroyal.gr\/de\/wp-json\/wp\/v2\/pages\/8071","targetHints":{"allow":["GET"]}}],"collection":[{"href":"https:\/\/massageroyal.gr\/de\/wp-json\/wp\/v2\/pages"}],"about":[{"href":"https:\/\/massageroyal.gr\/de\/wp-json\/wp\/v2\/types\/page"}],"author":[{"embeddable":true,"href":"https:\/\/massageroyal.gr\/de\/wp-json\/wp\/v2\/users\/1"}],"replies":[{"embeddable":true,"href":"https:\/\/massageroyal.gr\/de\/wp-json\/wp\/v2\/comments?post=8071"}],"version-history":[{"count":4,"href":"https:\/\/massageroyal.gr\/de\/wp-json\/wp\/v2\/pages\/8071\/revisions"}],"predecessor-version":[{"id":8075,"href":"https:\/\/massageroyal.gr\/de\/wp-json\/wp\/v2\/pages\/8071\/revisions\/8075"}],"wp:attachment":[{"href":"https:\/\/massageroyal.gr\/de\/wp-json\/wp\/v2\/media?parent=8071"}],"curies":[{"name":"wp","href":"https:\/\/api.w.org\/{rel}","templated":true}]}}